{"id":2386,"date":"2025-03-31T17:43:48","date_gmt":"2025-03-31T20:43:48","guid":{"rendered":"https:\/\/crtpropaganda.com.br\/raicargillprev\/?page_id=2386"},"modified":"2025-04-16T12:50:28","modified_gmt":"2025-04-16T15:50:28","slug":"missao-visao-valores-e-pilares","status":"publish","type":"page","link":"https:\/\/cargillprev.com.br\/relatorio-anual-2024\/institucional-e-governanca\/missao-visao-valores-e-pilares\/","title":{"rendered":"Miss\u00e3o, Vis\u00e3o, Valores e Pilares"},"content":{"rendered":"\t\t<div data-elementor-type=\"wp-page\" data-elementor-id=\"2386\" class=\"elementor elementor-2386\">\n\t\t\t\t\t\t<section class=\"elementor-section elementor-top-section elementor-element elementor-element-6e83384c elementor-section-boxed elementor-section-height-default elementor-section-height-default\" data-id=\"6e83384c\" data-element_type=\"section\" data-e-type=\"section\">\n\t\t\t\t\t\t<div class=\"elementor-container elementor-column-gap-default\">\n\t\t\t\t\t<div class=\"elementor-column elementor-col-100 elementor-top-column elementor-element elementor-element-7c153204\" data-id=\"7c153204\" data-element_type=\"column\" data-e-type=\"column\">\n\t\t\t<div class=\"elementor-widget-wrap elementor-element-populated\">\n\t\t\t\t\t\t<div class=\"elementor-element elementor-element-86a1e99 elementor-widget elementor-widget-text-editor\" data-id=\"86a1e99\" data-element_type=\"widget\" data-e-type=\"widget\" data-widget_type=\"text-editor.default\">\n\t\t\t\t<div class=\"elementor-widget-container\">\n\t\t\t\t\t\t\t\t\t<p>A CargillPrev tem como compromisso administrar solu\u00e7\u00f5es de previd\u00eancia com excel\u00eancia, garantindo seguran\u00e7a e qualidade para a constru\u00e7\u00e3o do futuro de seus participantes. Sua atua\u00e7\u00e3o \u00e9 guiada por uma vis\u00e3o estrat\u00e9gica de longo prazo e por princ\u00edpios s\u00f3lidos que asseguram a confian\u00e7a e a sustentabilidade dos planos previdenci\u00e1rios.<\/p>\t\t\t\t\t\t\t\t<\/div>\n\t\t\t\t<\/div>\n\t\t\t\t\t<\/div>\n\t\t<\/div>\n\t\t\t\t\t<\/div>\n\t\t<\/section>\n\t\t\t\t<section class=\"elementor-section elementor-top-section elementor-element elementor-element-c3a5e04 elementor-section-boxed elementor-section-height-default elementor-section-height-default\" data-id=\"c3a5e04\" data-element_type=\"section\" data-e-type=\"section\">\n\t\t\t\t\t\t<div class=\"elementor-container elementor-column-gap-default\">\n\t\t\t\t\t<div class=\"elementor-column elementor-col-100 elementor-top-column elementor-element elementor-element-59eec2b\" data-id=\"59eec2b\" data-element_type=\"column\" data-e-type=\"column\">\n\t\t\t<div class=\"elementor-widget-wrap elementor-element-populated\">\n\t\t\t\t\t\t<div class=\"elementor-element elementor-element-5b8da58 box-destaque-materia elementor-widget elementor-widget-heading\" data-id=\"5b8da58\" data-element_type=\"widget\" data-e-type=\"widget\" data-widget_type=\"heading.default\">\n\t\t\t\t<div class=\"elementor-widget-container\">\n\t\t\t\t\t<p class=\"elementor-heading-title elementor-size-default\">Miss\u00e3o<\/p>\t\t\t\t<\/div>\n\t\t\t\t<\/div>\n\t\t\t\t\t<\/div>\n\t\t<\/div>\n\t\t\t\t\t<\/div>\n\t\t<\/section>\n\t\t\t\t<section class=\"elementor-section elementor-top-section elementor-element elementor-element-4258825 elementor-section-boxed elementor-section-height-default elementor-section-height-default\" data-id=\"4258825\" data-element_type=\"section\" data-e-type=\"section\">\n\t\t\t\t\t\t<div class=\"elementor-container elementor-column-gap-default\">\n\t\t\t\t\t<div class=\"elementor-column elementor-col-100 elementor-top-column elementor-element elementor-element-e0eef8a\" data-id=\"e0eef8a\" data-element_type=\"column\" data-e-type=\"column\">\n\t\t\t<div class=\"elementor-widget-wrap elementor-element-populated\">\n\t\t\t\t\t\t<div class=\"elementor-element elementor-element-a01c7a0 elementor-widget elementor-widget-text-editor\" data-id=\"a01c7a0\" data-element_type=\"widget\" data-e-type=\"widget\" data-widget_type=\"text-editor.default\">\n\t\t\t\t<div class=\"elementor-widget-container\">\n\t\t\t\t\t\t\t\t\t<p>Administrar com excel\u00eancia solu\u00e7\u00f5es de previd\u00eancia que permitam aos participantes uma aposentadoria com qualidade.<\/p>\t\t\t\t\t\t\t\t<\/div>\n\t\t\t\t<\/div>\n\t\t\t\t\t<\/div>\n\t\t<\/div>\n\t\t\t\t\t<\/div>\n\t\t<\/section>\n\t\t\t\t<section class=\"elementor-section elementor-top-section elementor-element elementor-element-34b726c elementor-section-boxed elementor-section-height-default elementor-section-height-default\" data-id=\"34b726c\" data-element_type=\"section\" data-e-type=\"section\">\n\t\t\t\t\t\t<div class=\"elementor-container elementor-column-gap-default\">\n\t\t\t\t\t<div class=\"elementor-column elementor-col-100 elementor-top-column elementor-element elementor-element-344af61\" data-id=\"344af61\" data-element_type=\"column\" data-e-type=\"column\">\n\t\t\t<div class=\"elementor-widget-wrap elementor-element-populated\">\n\t\t\t\t\t\t<div class=\"elementor-element elementor-element-bb02017 box-destaque-materia elementor-widget elementor-widget-heading\" data-id=\"bb02017\" data-element_type=\"widget\" data-e-type=\"widget\" data-widget_type=\"heading.default\">\n\t\t\t\t<div class=\"elementor-widget-container\">\n\t\t\t\t\t<p class=\"elementor-heading-title elementor-size-default\">Vis\u00e3o<\/p>\t\t\t\t<\/div>\n\t\t\t\t<\/div>\n\t\t\t\t\t<\/div>\n\t\t<\/div>\n\t\t\t\t\t<\/div>\n\t\t<\/section>\n\t\t\t\t<section class=\"elementor-section elementor-top-section elementor-element elementor-element-dd8a10c elementor-section-boxed elementor-section-height-default elementor-section-height-default\" data-id=\"dd8a10c\" data-element_type=\"section\" data-e-type=\"section\">\n\t\t\t\t\t\t<div class=\"elementor-container elementor-column-gap-default\">\n\t\t\t\t\t<div class=\"elementor-column elementor-col-100 elementor-top-column elementor-element elementor-element-e14b919\" data-id=\"e14b919\" data-element_type=\"column\" data-e-type=\"column\">\n\t\t\t<div class=\"elementor-widget-wrap elementor-element-populated\">\n\t\t\t\t\t\t<div class=\"elementor-element elementor-element-457b76f elementor-widget elementor-widget-text-editor\" data-id=\"457b76f\" data-element_type=\"widget\" data-e-type=\"widget\" data-widget_type=\"text-editor.default\">\n\t\t\t\t<div class=\"elementor-widget-container\">\n\t\t\t\t\t\t\t\t\t<p>At\u00e9 2030, ser reconhecida por seus participantes e patrocinadoras como refer\u00eancia em solu\u00e7\u00f5es tecnol\u00f3gicas, solidez e transpar\u00eancia na gest\u00e3o de seus recursos, alcan\u00e7ando um patrim\u00f4nio de R$ 4 bilh\u00f5es.<\/p>\t\t\t\t\t\t\t\t<\/div>\n\t\t\t\t<\/div>\n\t\t\t\t\t<\/div>\n\t\t<\/div>\n\t\t\t\t\t<\/div>\n\t\t<\/section>\n\t\t\t\t<section class=\"elementor-section elementor-top-section elementor-element elementor-element-5b167a7 elementor-section-boxed elementor-section-height-default elementor-section-height-default\" data-id=\"5b167a7\" data-element_type=\"section\" data-e-type=\"section\">\n\t\t\t\t\t\t<div class=\"elementor-container elementor-column-gap-default\">\n\t\t\t\t\t<div class=\"elementor-column elementor-col-100 elementor-top-column elementor-element elementor-element-507c1fa\" data-id=\"507c1fa\" data-element_type=\"column\" data-e-type=\"column\">\n\t\t\t<div class=\"elementor-widget-wrap elementor-element-populated\">\n\t\t\t\t\t\t<div class=\"elementor-element elementor-element-4bbe508 box-destaque-materia elementor-widget elementor-widget-heading\" data-id=\"4bbe508\" data-element_type=\"widget\" data-e-type=\"widget\" data-widget_type=\"heading.default\">\n\t\t\t\t<div class=\"elementor-widget-container\">\n\t\t\t\t\t<p class=\"elementor-heading-title elementor-size-default\">Valores<\/p>\t\t\t\t<\/div>\n\t\t\t\t<\/div>\n\t\t\t\t\t<\/div>\n\t\t<\/div>\n\t\t\t\t\t<\/div>\n\t\t<\/section>\n\t\t\t\t<section class=\"elementor-section elementor-top-section elementor-element elementor-element-aa023d0 elementor-section-boxed elementor-section-height-default elementor-section-height-default\" data-id=\"aa023d0\" data-element_type=\"section\" data-e-type=\"section\">\n\t\t\t\t\t\t<div class=\"elementor-container elementor-column-gap-default\">\n\t\t\t\t\t<div class=\"elementor-column elementor-col-100 elementor-top-column elementor-element elementor-element-896ce05\" data-id=\"896ce05\" data-element_type=\"column\" data-e-type=\"column\">\n\t\t\t<div class=\"elementor-widget-wrap elementor-element-populated\">\n\t\t\t\t\t\t<div class=\"elementor-element elementor-element-ea5be79 elementor-widget elementor-widget-text-editor\" data-id=\"ea5be79\" data-element_type=\"widget\" data-e-type=\"widget\" data-widget_type=\"text-editor.default\">\n\t\t\t\t<div class=\"elementor-widget-container\">\n\t\t\t\t\t\t\t\t\t<p>Solidez, \u00e9tica, transpar\u00eancia e excel\u00eancia.<\/p>\t\t\t\t\t\t\t\t<\/div>\n\t\t\t\t<\/div>\n\t\t\t\t\t<\/div>\n\t\t<\/div>\n\t\t\t\t\t<\/div>\n\t\t<\/section>\n\t\t\t\t<section class=\"elementor-section elementor-top-section elementor-element elementor-element-e933828 elementor-section-boxed elementor-section-height-default elementor-section-height-default\" data-id=\"e933828\" data-element_type=\"section\" data-e-type=\"section\">\n\t\t\t\t\t\t<div class=\"elementor-container elementor-column-gap-default\">\n\t\t\t\t\t<div class=\"elementor-column elementor-col-100 elementor-top-column elementor-element elementor-element-bdb3b36\" data-id=\"bdb3b36\" data-element_type=\"column\" data-e-type=\"column\">\n\t\t\t<div class=\"elementor-widget-wrap elementor-element-populated\">\n\t\t\t\t\t\t<div class=\"elementor-element elementor-element-9cca3f9 box-destaque-materia elementor-widget elementor-widget-heading\" data-id=\"9cca3f9\" data-element_type=\"widget\" data-e-type=\"widget\" data-widget_type=\"heading.default\">\n\t\t\t\t<div class=\"elementor-widget-container\">\n\t\t\t\t\t<p class=\"elementor-heading-title elementor-size-default\">Pilares<\/p>\t\t\t\t<\/div>\n\t\t\t\t<\/div>\n\t\t\t\t\t<\/div>\n\t\t<\/div>\n\t\t\t\t\t<\/div>\n\t\t<\/section>\n\t\t\t\t<section class=\"elementor-section elementor-top-section elementor-element elementor-element-e96f26d elementor-section-boxed elementor-section-height-default elementor-section-height-default\" data-id=\"e96f26d\" data-element_type=\"section\" data-e-type=\"section\">\n\t\t\t\t\t\t<div class=\"elementor-container elementor-column-gap-default\">\n\t\t\t\t\t<div class=\"elementor-column elementor-col-100 elementor-top-column elementor-element elementor-element-2f88dfa\" data-id=\"2f88dfa\" data-element_type=\"column\" data-e-type=\"column\">\n\t\t\t<div class=\"elementor-widget-wrap elementor-element-populated\">\n\t\t\t\t\t\t<div class=\"elementor-element elementor-element-bd5b24f elementor-widget elementor-widget-text-editor\" data-id=\"bd5b24f\" data-element_type=\"widget\" data-e-type=\"widget\" data-widget_type=\"text-editor.default\">\n\t\t\t\t<div class=\"elementor-widget-container\">\n\t\t\t\t\t\t\t\t\t<ul><li>Cuidado com as pessoas<\/li><li>Atitude inovadora<\/li><li>Governan\u00e7a e excel\u00eancia<\/li><li>Performance e produto<\/li><\/ul>\t\t\t\t\t\t\t\t<\/div>\n\t\t\t\t<\/div>\n\t\t\t\t\t<\/div>\n\t\t<\/div>\n\t\t\t\t\t<\/div>\n\t\t<\/section>\n\t\t\t\t<\/div>\n\t\t","protected":false},"excerpt":{"rendered":"<p>A CargillPrev tem como compromisso administrar solu\u00e7\u00f5es de previd\u00eancia com excel\u00eancia, garantindo seguran\u00e7a e qualidade para a constru\u00e7\u00e3o do futuro de seus participantes. Sua atua\u00e7\u00e3o \u00e9 guiada por uma vis\u00e3o estrat\u00e9gica de longo prazo e por princ\u00edpios s\u00f3lidos que asseguram a confian\u00e7a e a sustentabilidade dos planos previdenci\u00e1rios. Miss\u00e3o Administrar com excel\u00eancia solu\u00e7\u00f5es de previd\u00eancia [&hellip;]<\/p>\n","protected":false},"author":1,"featured_media":2965,"parent":2316,"menu_order":17,"comment_status":"closed","ping_status":"closed","template":"","meta":{"footnotes":""},"class_list":["post-2386","page","type-page","status-publish","has-post-thumbnail","hentry"],"acf":[],"_links":{"self":[{"href":"https:\/\/cargillprev.com.br\/relatorio-anual-2024\/wp-json\/wp\/v2\/pages\/2386","targetHints":{"allow":["GET"]}}],"collection":[{"href":"https:\/\/cargillprev.com.br\/relatorio-anual-2024\/wp-json\/wp\/v2\/pages"}],"about":[{"href":"https:\/\/cargillprev.com.br\/relatorio-anual-2024\/wp-json\/wp\/v2\/types\/page"}],"author":[{"embeddable":true,"href":"https:\/\/cargillprev.com.br\/relatorio-anual-2024\/wp-json\/wp\/v2\/users\/1"}],"replies":[{"embeddable":true,"href":"https:\/\/cargillprev.com.br\/relatorio-anual-2024\/wp-json\/wp\/v2\/comments?post=2386"}],"version-history":[{"count":11,"href":"https:\/\/cargillprev.com.br\/relatorio-anual-2024\/wp-json\/wp\/v2\/pages\/2386\/revisions"}],"predecessor-version":[{"id":2980,"href":"https:\/\/cargillprev.com.br\/relatorio-anual-2024\/wp-json\/wp\/v2\/pages\/2386\/revisions\/2980"}],"up":[{"embeddable":true,"href":"https:\/\/cargillprev.com.br\/relatorio-anual-2024\/wp-json\/wp\/v2\/pages\/2316"}],"wp:featuredmedia":[{"embeddable":true,"href":"https:\/\/cargillprev.com.br\/relatorio-anual-2024\/wp-json\/wp\/v2\/media\/2965"}],"wp:attachment":[{"href":"https:\/\/cargillprev.com.br\/relatorio-anual-2024\/wp-json\/wp\/v2\/media?parent=2386"}],"curies":[{"name":"wp","href":"https:\/\/api.w.org\/{rel}","templated":true}]}}