{"id":2395,"date":"2025-03-31T17:46:31","date_gmt":"2025-03-31T20:46:31","guid":{"rendered":"https:\/\/crtpropaganda.com.br\/raicargillprev\/?page_id=2395"},"modified":"2025-04-10T11:24:25","modified_gmt":"2025-04-10T14:24:25","slug":"mensagem-da-superintendente","status":"publish","type":"page","link":"https:\/\/cargillprev.com.br\/relatorio-anual-2024\/institucional-e-governanca\/mensagem-da-superintendente\/","title":{"rendered":"Mensagem da Superintendente"},"content":{"rendered":"\t\t<div data-elementor-type=\"wp-page\" data-elementor-id=\"2395\" class=\"elementor elementor-2395\">\n\t\t\t\t\t\t<section class=\"elementor-section elementor-top-section elementor-element elementor-element-16bb6e77 elementor-section-boxed elementor-section-height-default elementor-section-height-default\" data-id=\"16bb6e77\" data-element_type=\"section\" data-e-type=\"section\">\n\t\t\t\t\t\t<div class=\"elementor-container elementor-column-gap-default\">\n\t\t\t\t\t<div class=\"elementor-column elementor-col-100 elementor-top-column elementor-element elementor-element-2b7ed5e8\" data-id=\"2b7ed5e8\" data-element_type=\"column\" data-e-type=\"column\">\n\t\t\t<div class=\"elementor-widget-wrap elementor-element-populated\">\n\t\t\t\t\t\t<div class=\"elementor-element elementor-element-7d01ae87 box-destaque-materia elementor-widget elementor-widget-text-editor\" data-id=\"7d01ae87\" data-element_type=\"widget\" data-e-type=\"widget\" data-widget_type=\"text-editor.default\">\n\t\t\t\t<div class=\"elementor-widget-container\">\n\t\t\t\t\t\t\t\t\t<p>Compromisso que impulsiona o futuro.<\/p>\t\t\t\t\t\t\t\t<\/div>\n\t\t\t\t<\/div>\n\t\t\t\t\t<\/div>\n\t\t<\/div>\n\t\t\t\t\t<\/div>\n\t\t<\/section>\n\t\t\t\t<section class=\"elementor-section elementor-top-section elementor-element elementor-element-7b189229 elementor-section-boxed elementor-section-height-default elementor-section-height-default\" data-id=\"7b189229\" data-element_type=\"section\" data-e-type=\"section\">\n\t\t\t\t\t\t<div class=\"elementor-container elementor-column-gap-default\">\n\t\t\t\t\t<div class=\"elementor-column elementor-col-100 elementor-top-column elementor-element elementor-element-58f09ffb\" data-id=\"58f09ffb\" data-element_type=\"column\" data-e-type=\"column\">\n\t\t\t<div class=\"elementor-widget-wrap elementor-element-populated\">\n\t\t\t\t\t\t<div class=\"elementor-element elementor-element-4a43b854 elementor-widget elementor-widget-text-editor\" data-id=\"4a43b854\" data-element_type=\"widget\" data-e-type=\"widget\" data-widget_type=\"text-editor.default\">\n\t\t\t\t<div class=\"elementor-widget-container\">\n\t\t\t\t\t\t\t\t\t<p>O nosso compromisso \u00e9 possibilitar, por meio das solu\u00e7\u00f5es de previd\u00eancia, condi\u00e7\u00f5es para incentivar a constru\u00e7\u00e3o de um futuro com qualidade. Nossas a\u00e7\u00f5es, ao longo da nossa hist\u00f3ria e em 2024, foram direcionadas para que os participantes e assistidos seguissem motivados neste objetivo.<\/p>\t\t\t\t\t\t\t\t<\/div>\n\t\t\t\t<\/div>\n\t\t\t\t\t<\/div>\n\t\t<\/div>\n\t\t\t\t\t<\/div>\n\t\t<\/section>\n\t\t\t\t<section class=\"elementor-section elementor-top-section elementor-element elementor-element-7e180df elementor-section-boxed elementor-section-height-default elementor-section-height-default\" data-id=\"7e180df\" data-element_type=\"section\" data-e-type=\"section\">\n\t\t\t\t\t\t<div class=\"elementor-container elementor-column-gap-default\">\n\t\t\t\t\t<div class=\"elementor-column elementor-col-100 elementor-top-column elementor-element elementor-element-4c343441\" data-id=\"4c343441\" data-element_type=\"column\" data-e-type=\"column\">\n\t\t\t<div class=\"elementor-widget-wrap elementor-element-populated\">\n\t\t\t\t\t\t<div class=\"elementor-element elementor-element-77ce67ed elementor-widget elementor-widget-text-editor\" data-id=\"77ce67ed\" data-element_type=\"widget\" data-e-type=\"widget\" data-widget_type=\"text-editor.default\">\n\t\t\t\t<div class=\"elementor-widget-container\">\n\t\t\t\t\t\t\t\t\t<p>O \u00faltimo ano foi marcado por avan\u00e7os importantes, que consolidam nossa posi\u00e7\u00e3o como refer\u00eancia no setor e refor\u00e7am nosso papel na constru\u00e7\u00e3o de um futuro financeiramente sustent\u00e1vel. Um dos marcos mais significativos foi a conquista de <strong>R$ 2 bilh\u00f5es em patrim\u00f4nio<\/strong>. Em rela\u00e7\u00e3o a 2023, houve um aumento de 8,7% no patrim\u00f4nio total, resultado que reflete a confian\u00e7a de nossos participantes e patrocinadoras no trabalho realizado, na solidez de nossos investimentos e na governan\u00e7a respons\u00e1vel que nos guia diariamente. <\/p>\t\t\t\t\t\t\t\t<\/div>\n\t\t\t\t<\/div>\n\t\t\t\t\t<\/div>\n\t\t<\/div>\n\t\t\t\t\t<\/div>\n\t\t<\/section>\n\t\t\t\t<section class=\"elementor-section elementor-top-section elementor-element elementor-element-207e9cf elementor-section-boxed elementor-section-height-default elementor-section-height-default\" data-id=\"207e9cf\" data-element_type=\"section\" data-e-type=\"section\">\n\t\t\t\t\t\t<div class=\"elementor-container elementor-column-gap-default\">\n\t\t\t\t\t<div class=\"elementor-column elementor-col-100 elementor-top-column elementor-element elementor-element-7cfea775\" data-id=\"7cfea775\" data-element_type=\"column\" data-e-type=\"column\">\n\t\t\t<div class=\"elementor-widget-wrap elementor-element-populated\">\n\t\t\t\t\t\t<div class=\"elementor-element elementor-element-46360ed9 elementor-widget elementor-widget-text-editor\" data-id=\"46360ed9\" data-element_type=\"widget\" data-e-type=\"widget\" data-widget_type=\"text-editor.default\">\n\t\t\t\t<div class=\"elementor-widget-container\">\n\t\t\t\t\t\t\t\t\t<p>Refor\u00e7ando que o compromisso para um futuro mais tranquilo \u00e9 uma responsabilidade compartilhada entre nossos participantes e nossas patrocinadoras, em 2024 foram realizados cerca de <strong>R$ 128 milh\u00f5es em aportes<\/strong>, entre contribui\u00e7\u00f5es e contrapartida da empresa.<strong> <\/strong>Concedemos mais de <strong>R$ 110 milh\u00f5es<\/strong> entre benef\u00edcios e resgates para utiliza\u00e7\u00e3o do patrim\u00f4nio acumulado. <\/p>\t\t\t\t\t\t\t\t<\/div>\n\t\t\t\t<\/div>\n\t\t\t\t\t<\/div>\n\t\t<\/div>\n\t\t\t\t\t<\/div>\n\t\t<\/section>\n\t\t\t\t<section class=\"elementor-section elementor-top-section elementor-element elementor-element-5776ce28 elementor-section-boxed elementor-section-height-default elementor-section-height-default\" data-id=\"5776ce28\" data-element_type=\"section\" data-e-type=\"section\">\n\t\t\t\t\t\t<div class=\"elementor-container elementor-column-gap-default\">\n\t\t\t\t\t<div class=\"elementor-column elementor-col-100 elementor-top-column elementor-element elementor-element-36f67d0\" data-id=\"36f67d0\" data-element_type=\"column\" data-e-type=\"column\">\n\t\t\t<div class=\"elementor-widget-wrap elementor-element-populated\">\n\t\t\t\t\t\t<div class=\"elementor-element elementor-element-699bd357 elementor-widget elementor-widget-text-editor\" data-id=\"699bd357\" data-element_type=\"widget\" data-e-type=\"widget\" data-widget_type=\"text-editor.default\">\n\t\t\t\t<div class=\"elementor-widget-container\">\n\t\t\t\t\t\t\t\t\t<p>O setor teve um ganho significativo com as novas regras do regime tribut\u00e1rio para planos de previd\u00eancia complementar, estabelecidas pela Lei 14.803. Acompanhamos de perto as transforma\u00e7\u00f5es do cen\u00e1rio previdenci\u00e1rio e nos antecipamos \u00e0s mudan\u00e7as para oferecer sempre as melhores solu\u00e7\u00f5es. Nos empenhamos em disseminar conhecimento sobre essas altera\u00e7\u00f5es, garantindo que todos tivessem acesso \u00e0s informa\u00e7\u00f5es necess\u00e1rias para fazer escolhas mais assertivas.<\/p>\t\t\t\t\t\t\t\t<\/div>\n\t\t\t\t<\/div>\n\t\t\t\t\t<\/div>\n\t\t<\/div>\n\t\t\t\t\t<\/div>\n\t\t<\/section>\n\t\t\t\t<section class=\"elementor-section elementor-top-section elementor-element elementor-element-255852a7 elementor-section-boxed elementor-section-height-default elementor-section-height-default\" data-id=\"255852a7\" data-element_type=\"section\" data-e-type=\"section\">\n\t\t\t\t\t\t<div class=\"elementor-container elementor-column-gap-default\">\n\t\t\t\t\t<div class=\"elementor-column elementor-col-100 elementor-top-column elementor-element elementor-element-691ffd3e\" data-id=\"691ffd3e\" data-element_type=\"column\" data-e-type=\"column\">\n\t\t\t<div class=\"elementor-widget-wrap elementor-element-populated\">\n\t\t\t\t\t\t<div class=\"elementor-element elementor-element-11a56a1c elementor-widget elementor-widget-text-editor\" data-id=\"11a56a1c\" data-element_type=\"widget\" data-e-type=\"widget\" data-widget_type=\"text-editor.default\">\n\t\t\t\t<div class=\"elementor-widget-container\">\n\t\t\t\t\t\t\t\t\t<p>Tamb\u00e9m promovemos moderniza\u00e7\u00f5es nos regulamentos dos planos, tornando-os ainda mais flex\u00edveis e aderentes \u00e0s necessidades dos participantes. O Plano I &#8211; Aposentadoria e o Plano II &#8211; Benef\u00edcios passaram por atualiza\u00e7\u00f5es significativas, possibilitando, por exemplo, o resgate de 100% do saldo composto pelo repique da patrocinadora de acordo com o tempo de plano, al\u00e9m de permitir mensalmente o reajuste das contribui\u00e7\u00f5es e a possibilidade de resgate parcial da reserva formada pelas contribui\u00e7\u00f5es eventuais, espor\u00e1dicas e portabilidades de entidades abertas. <\/p>\t\t\t\t\t\t\t\t<\/div>\n\t\t\t\t<\/div>\n\t\t\t\t\t<\/div>\n\t\t<\/div>\n\t\t\t\t\t<\/div>\n\t\t<\/section>\n\t\t\t\t<section class=\"elementor-section elementor-top-section elementor-element elementor-element-392ee25d elementor-section-boxed elementor-section-height-default elementor-section-height-default\" data-id=\"392ee25d\" data-element_type=\"section\" data-e-type=\"section\">\n\t\t\t\t\t\t<div class=\"elementor-container elementor-column-gap-default\">\n\t\t\t\t\t<div class=\"elementor-column elementor-col-100 elementor-top-column elementor-element elementor-element-67aa4e03\" data-id=\"67aa4e03\" data-element_type=\"column\" data-e-type=\"column\">\n\t\t\t<div class=\"elementor-widget-wrap elementor-element-populated\">\n\t\t\t\t\t\t<div class=\"elementor-element elementor-element-22164fd0 elementor-widget elementor-widget-text-editor\" data-id=\"22164fd0\" data-element_type=\"widget\" data-e-type=\"widget\" data-widget_type=\"text-editor.default\">\n\t\t\t\t<div class=\"elementor-widget-container\">\n\t\t\t\t\t\t\t\t\t<p>No campo dos investimentos, os perfis completaram um ano desde sua implanta\u00e7\u00e3o e se consolidaram como uma maior flexibilidade para a diversifica\u00e7\u00e3o da carteira dos participantes. Lembrando que a mudan\u00e7a, realizada em 2023, trouxe para a entidade mais efici\u00eancia operacional, al\u00e9m de oferecer aos participantes op\u00e7\u00f5es de investimento mais claras e objetivas para seus diferentes interesses e, principalmente, um servi\u00e7o de gest\u00e3o patrimonial de qualidade ao longo do tempo. Confira o conte\u00fado dispon\u00edvel em Investimentos, neste relat\u00f3rio, para acessar mais informa\u00e7\u00f5es sobre o cen\u00e1rio econ\u00f4mico de 2024, que impactaram os resultados na CargillPrev e as expectativas para 2025, na Mensagem do Diretor de Investimentos.<\/p>\t\t\t\t\t\t\t\t<\/div>\n\t\t\t\t<\/div>\n\t\t\t\t\t<\/div>\n\t\t<\/div>\n\t\t\t\t\t<\/div>\n\t\t<\/section>\n\t\t\t\t<section class=\"elementor-section elementor-top-section elementor-element elementor-element-1126b3bb elementor-section-boxed elementor-section-height-default elementor-section-height-default\" data-id=\"1126b3bb\" data-element_type=\"section\" data-e-type=\"section\">\n\t\t\t\t\t\t<div class=\"elementor-container elementor-column-gap-default\">\n\t\t\t\t\t<div class=\"elementor-column elementor-col-100 elementor-top-column elementor-element elementor-element-10c4ef8c\" data-id=\"10c4ef8c\" data-element_type=\"column\" data-e-type=\"column\">\n\t\t\t<div class=\"elementor-widget-wrap elementor-element-populated\">\n\t\t\t\t\t\t<div class=\"elementor-element elementor-element-60b44e5c elementor-widget elementor-widget-text-editor\" data-id=\"60b44e5c\" data-element_type=\"widget\" data-e-type=\"widget\" data-widget_type=\"text-editor.default\">\n\t\t\t\t<div class=\"elementor-widget-container\">\n\t\t\t\t\t\t\t\t\t<p>O planejamento estrat\u00e9gico da CargillPrev, com vis\u00e3o at\u00e9 2030, orientou nossas decis\u00f5es e fortaleceu quatro pilares fundamentais: (I) cuidado com as pessoas; (II) atitude inovadora; (III) governan\u00e7a; e (IV) excel\u00eancia, performance e produto. Em 2024, essas diretrizes se traduziram em a\u00e7\u00f5es concretas, e continuaremos seguindo com o plano de trabalho para este e os pr\u00f3ximos anos.<\/p>\t\t\t\t\t\t\t\t<\/div>\n\t\t\t\t<\/div>\n\t\t\t\t\t<\/div>\n\t\t<\/div>\n\t\t\t\t\t<\/div>\n\t\t<\/section>\n\t\t\t\t<section class=\"elementor-section elementor-top-section elementor-element elementor-element-3b99e4b0 elementor-section-boxed elementor-section-height-default elementor-section-height-default\" data-id=\"3b99e4b0\" data-element_type=\"section\" data-e-type=\"section\">\n\t\t\t\t\t\t<div class=\"elementor-container elementor-column-gap-default\">\n\t\t\t\t\t<div class=\"elementor-column elementor-col-100 elementor-top-column elementor-element elementor-element-39853233\" data-id=\"39853233\" data-element_type=\"column\" data-e-type=\"column\">\n\t\t\t<div class=\"elementor-widget-wrap elementor-element-populated\">\n\t\t\t\t\t\t<div class=\"elementor-element elementor-element-44c91514 elementor-widget elementor-widget-text-editor\" data-id=\"44c91514\" data-element_type=\"widget\" data-e-type=\"widget\" data-widget_type=\"text-editor.default\">\n\t\t\t\t<div class=\"elementor-widget-container\">\n\t\t\t\t\t\t\t\t\t<p>Acreditamos que o conhecimento transforma, portanto, realizamos iniciativas voltadas para a educa\u00e7\u00e3o financeira e previdenci\u00e1ria que atendessem n\u00e3o apenas aos nossos participantes e assistidos, mas tamb\u00e9m os funcion\u00e1rios da Cargill, com a\u00e7\u00f5es espec\u00edficas para mulheres e jovens. Essas a\u00e7\u00f5es refor\u00e7am nosso compromisso com a capacita\u00e7\u00e3o, o empoderamento financeiro e o acesso \u00e0 informa\u00e7\u00e3o para todos.<\/p>\t\t\t\t\t\t\t\t<\/div>\n\t\t\t\t<\/div>\n\t\t\t\t\t<\/div>\n\t\t<\/div>\n\t\t\t\t\t<\/div>\n\t\t<\/section>\n\t\t\t\t<section class=\"elementor-section elementor-top-section elementor-element elementor-element-3eb4d3a6 elementor-section-boxed elementor-section-height-default elementor-section-height-default\" data-id=\"3eb4d3a6\" data-element_type=\"section\" data-e-type=\"section\">\n\t\t\t\t\t\t<div class=\"elementor-container elementor-column-gap-default\">\n\t\t\t\t\t<div class=\"elementor-column elementor-col-100 elementor-top-column elementor-element elementor-element-7fde2ab0\" data-id=\"7fde2ab0\" data-element_type=\"column\" data-e-type=\"column\">\n\t\t\t<div class=\"elementor-widget-wrap elementor-element-populated\">\n\t\t\t\t\t\t<div class=\"elementor-element elementor-element-19bb56b6 elementor-widget elementor-widget-text-editor\" data-id=\"19bb56b6\" data-element_type=\"widget\" data-e-type=\"widget\" data-widget_type=\"text-editor.default\">\n\t\t\t\t<div class=\"elementor-widget-container\">\n\t\t\t\t\t\t\t\t\t<p>Aproximar a CargillPrev dos participantes sempre foi uma prioridade. Em 2024, estivemos presentes em diversas localidades da Cargill, impactando diretamente mais de 1.300 pessoas em visitas presenciais, al\u00e9m das a\u00e7\u00f5es on-line voltadas para refor\u00e7ar e incentivar o uso m\u00e1ximo de todos os benef\u00edcios dos nossos planos. <\/p>\t\t\t\t\t\t\t\t<\/div>\n\t\t\t\t<\/div>\n\t\t\t\t\t<\/div>\n\t\t<\/div>\n\t\t\t\t\t<\/div>\n\t\t<\/section>\n\t\t\t\t<section class=\"elementor-section elementor-top-section elementor-element elementor-element-18d64757 elementor-section-boxed elementor-section-height-default elementor-section-height-default\" data-id=\"18d64757\" data-element_type=\"section\" data-e-type=\"section\">\n\t\t\t\t\t\t<div class=\"elementor-container elementor-column-gap-default\">\n\t\t\t\t\t<div class=\"elementor-column elementor-col-100 elementor-top-column elementor-element elementor-element-3b59d40a\" data-id=\"3b59d40a\" data-element_type=\"column\" data-e-type=\"column\">\n\t\t\t<div class=\"elementor-widget-wrap elementor-element-populated\">\n\t\t\t\t\t\t<div class=\"elementor-element elementor-element-4408b951 elementor-widget elementor-widget-text-editor\" data-id=\"4408b951\" data-element_type=\"widget\" data-e-type=\"widget\" data-widget_type=\"text-editor.default\">\n\t\t\t\t<div class=\"elementor-widget-container\">\n\t\t\t\t\t\t\t\t\t<p>A governan\u00e7a tamb\u00e9m evoluiu. Alteramos nosso Estatuto com o objetivo de aprimorar a governan\u00e7a e a efici\u00eancia administrativa da entidade. Essa mudan\u00e7a trouxe diversas modifica\u00e7\u00f5es nas disposi\u00e7\u00f5es estatut\u00e1rias, refletindo um compromisso cont\u00ednuo com a transpar\u00eancia e a melhoria na gest\u00e3o, sempre alinhados \u00e0s melhores pr\u00e1ticas do setor.<\/p>\t\t\t\t\t\t\t\t<\/div>\n\t\t\t\t<\/div>\n\t\t\t\t\t<\/div>\n\t\t<\/div>\n\t\t\t\t\t<\/div>\n\t\t<\/section>\n\t\t\t\t<section class=\"elementor-section elementor-top-section elementor-element elementor-element-4eadad6c elementor-section-boxed elementor-section-height-default elementor-section-height-default\" data-id=\"4eadad6c\" data-element_type=\"section\" data-e-type=\"section\">\n\t\t\t\t\t\t<div class=\"elementor-container elementor-column-gap-default\">\n\t\t\t\t\t<div class=\"elementor-column elementor-col-100 elementor-top-column elementor-element elementor-element-4516e56f\" data-id=\"4516e56f\" data-element_type=\"column\" data-e-type=\"column\">\n\t\t\t<div class=\"elementor-widget-wrap elementor-element-populated\">\n\t\t\t\t\t\t<div class=\"elementor-element elementor-element-88aa8a7 elementor-widget elementor-widget-text-editor\" data-id=\"88aa8a7\" data-element_type=\"widget\" data-e-type=\"widget\" data-widget_type=\"text-editor.default\">\n\t\t\t\t<div class=\"elementor-widget-container\">\n\t\t\t\t\t\t\t\t\t<p>Com todos esses avan\u00e7os, reafirmamos nosso compromisso de sermos uma entidade cada vez mais s\u00f3lida, inovadora e que impulsiona o futuro dos nossos participantes, tornando a previd\u00eancia complementar mais acess\u00edvel, flex\u00edvel e conectada \u00e0s necessidades de cada um. O caminho para o futuro continua sendo constru\u00eddo com responsabilidade e dedica\u00e7\u00e3o, e voc\u00ea pode contar com a CargillPrev para planejar e garantir a sua seguran\u00e7a financeira. Acompanhe, neste relat\u00f3rio, todas as a\u00e7\u00f5es e resultados de 2024. Boa leitura! <\/p>\t\t\t\t\t\t\t\t<\/div>\n\t\t\t\t<\/div>\n\t\t\t\t\t<\/div>\n\t\t<\/div>\n\t\t\t\t\t<\/div>\n\t\t<\/section>\n\t\t\t\t<section class=\"elementor-section elementor-top-section elementor-element elementor-element-68680b78 elementor-section-boxed elementor-section-height-default elementor-section-height-default\" data-id=\"68680b78\" data-element_type=\"section\" data-e-type=\"section\">\n\t\t\t\t\t\t<div class=\"elementor-container elementor-column-gap-default\">\n\t\t\t\t\t<div class=\"elementor-column elementor-col-100 elementor-top-column elementor-element elementor-element-651f5404\" data-id=\"651f5404\" data-element_type=\"column\" data-e-type=\"column\">\n\t\t\t<div class=\"elementor-widget-wrap elementor-element-populated\">\n\t\t\t\t\t\t<div class=\"elementor-element elementor-element-48fc9bc elementor-widget elementor-widget-image\" data-id=\"48fc9bc\" data-element_type=\"widget\" data-e-type=\"widget\" data-widget_type=\"image.default\">\n\t\t\t\t<div class=\"elementor-widget-container\">\n\t\t\t\t\t\t\t\t\t\t\t\t\t\t\t<img fetchpriority=\"high\" decoding=\"async\" width=\"400\" height=\"600\" src=\"https:\/\/cargillprev.com.br\/relatorio-anual-2024\/wp-content\/uploads\/2025\/04\/solange.jpg\" class=\"attachment-large size-large wp-image-2691\" alt=\"\" srcset=\"https:\/\/cargillprev.com.br\/relatorio-anual-2024\/wp-content\/uploads\/2025\/04\/solange.jpg 400w, https:\/\/cargillprev.com.br\/relatorio-anual-2024\/wp-content\/uploads\/2025\/04\/solange-200x300.jpg 200w\" sizes=\"(max-width: 400px) 100vw, 400px\" \/>\t\t\t\t\t\t\t\t\t\t\t\t\t\t\t<\/div>\n\t\t\t\t<\/div>\n\t\t\t\t<div class=\"elementor-element elementor-element-e63ca37 elementor-widget elementor-widget-text-editor\" data-id=\"e63ca37\" data-element_type=\"widget\" data-e-type=\"widget\" data-widget_type=\"text-editor.default\">\n\t\t\t\t<div class=\"elementor-widget-container\">\n\t\t\t\t\t\t\t\t\t<p><strong>Solange Ferreira &#8211; <\/strong>Diretora Superintendente<\/p>\t\t\t\t\t\t\t\t<\/div>\n\t\t\t\t<\/div>\n\t\t\t\t\t<\/div>\n\t\t<\/div>\n\t\t\t\t\t<\/div>\n\t\t<\/section>\n\t\t\t\t<\/div>\n\t\t","protected":false},"excerpt":{"rendered":"<p>Compromisso que impulsiona o futuro. O nosso compromisso \u00e9 possibilitar, por meio das solu\u00e7\u00f5es de previd\u00eancia, condi\u00e7\u00f5es para incentivar a constru\u00e7\u00e3o de um futuro com qualidade. Nossas a\u00e7\u00f5es, ao longo da nossa hist\u00f3ria e em 2024, foram direcionadas para que os participantes e assistidos seguissem motivados neste objetivo. O \u00faltimo ano foi marcado por avan\u00e7os [&hellip;]<\/p>\n","protected":false},"author":1,"featured_media":2964,"parent":2316,"menu_order":16,"comment_status":"closed","ping_status":"closed","template":"","meta":{"footnotes":""},"class_list":["post-2395","page","type-page","status-publish","has-post-thumbnail","hentry"],"acf":[],"_links":{"self":[{"href":"https:\/\/cargillprev.com.br\/relatorio-anual-2024\/wp-json\/wp\/v2\/pages\/2395","targetHints":{"allow":["GET"]}}],"collection":[{"href":"https:\/\/cargillprev.com.br\/relatorio-anual-2024\/wp-json\/wp\/v2\/pages"}],"about":[{"href":"https:\/\/cargillprev.com.br\/relatorio-anual-2024\/wp-json\/wp\/v2\/types\/page"}],"author":[{"embeddable":true,"href":"https:\/\/cargillprev.com.br\/relatorio-anual-2024\/wp-json\/wp\/v2\/users\/1"}],"replies":[{"embeddable":true,"href":"https:\/\/cargillprev.com.br\/relatorio-anual-2024\/wp-json\/wp\/v2\/comments?post=2395"}],"version-history":[{"count":22,"href":"https:\/\/cargillprev.com.br\/relatorio-anual-2024\/wp-json\/wp\/v2\/pages\/2395\/revisions"}],"predecessor-version":[{"id":2942,"href":"https:\/\/cargillprev.com.br\/relatorio-anual-2024\/wp-json\/wp\/v2\/pages\/2395\/revisions\/2942"}],"up":[{"embeddable":true,"href":"https:\/\/cargillprev.com.br\/relatorio-anual-2024\/wp-json\/wp\/v2\/pages\/2316"}],"wp:featuredmedia":[{"embeddable":true,"href":"https:\/\/cargillprev.com.br\/relatorio-anual-2024\/wp-json\/wp\/v2\/media\/2964"}],"wp:attachment":[{"href":"https:\/\/cargillprev.com.br\/relatorio-anual-2024\/wp-json\/wp\/v2\/media?parent=2395"}],"curies":[{"name":"wp","href":"https:\/\/api.w.org\/{rel}","templated":true}]}}