{"id":2407,"date":"2025-03-31T18:09:50","date_gmt":"2025-03-31T21:09:50","guid":{"rendered":"https:\/\/crtpropaganda.com.br\/raicargillprev\/?page_id=2407"},"modified":"2025-04-17T17:20:49","modified_gmt":"2025-04-17T20:20:49","slug":"patrimonio","status":"publish","type":"page","link":"https:\/\/cargillprev.com.br\/relatorio-anual-2024\/nossos-numeros\/patrimonio\/","title":{"rendered":"Patrim\u00f4nio"},"content":{"rendered":"\t\t<div data-elementor-type=\"wp-page\" data-elementor-id=\"2407\" class=\"elementor elementor-2407\">\n\t\t\t\t\t\t<section class=\"elementor-section elementor-top-section elementor-element elementor-element-5238b35 elementor-section-boxed elementor-section-height-default elementor-section-height-default\" data-id=\"5238b35\" data-element_type=\"section\" data-e-type=\"section\">\n\t\t\t\t\t\t<div class=\"elementor-container elementor-column-gap-default\">\n\t\t\t\t\t<div class=\"elementor-column elementor-col-100 elementor-top-column elementor-element elementor-element-13405cf9\" data-id=\"13405cf9\" data-element_type=\"column\" data-e-type=\"column\">\n\t\t\t<div class=\"elementor-widget-wrap elementor-element-populated\">\n\t\t\t\t\t\t<div class=\"elementor-element elementor-element-227fcf27 elementor-widget elementor-widget-text-editor\" data-id=\"227fcf27\" data-element_type=\"widget\" data-e-type=\"widget\" data-widget_type=\"text-editor.default\">\n\t\t\t\t<div class=\"elementor-widget-container\">\n\t\t\t\t\t\t\t\t\t<p>Em 2024, o patrim\u00f4nio total da CargillPrev atingiu R$ 2,04 bilh\u00f5es, representando um crescimento de 8,7% em rela\u00e7\u00e3o ao ano anterior. <\/p>\t\t\t\t\t\t\t\t<\/div>\n\t\t\t\t<\/div>\n\t\t\t\t\t<\/div>\n\t\t<\/div>\n\t\t\t\t\t<\/div>\n\t\t<\/section>\n\t\t\t\t<section class=\"elementor-section elementor-top-section elementor-element elementor-element-da6a295 elementor-hidden-desktop elementor-hidden-tablet elementor-hidden-mobile elementor-section-boxed elementor-section-height-default elementor-section-height-default\" data-id=\"da6a295\" data-element_type=\"section\" data-e-type=\"section\">\n\t\t\t\t\t\t<div class=\"elementor-container elementor-column-gap-default\">\n\t\t\t\t\t<div class=\"elementor-column elementor-col-100 elementor-top-column elementor-element elementor-element-c5b6be8\" data-id=\"c5b6be8\" data-element_type=\"column\" data-e-type=\"column\" data-settings=\"{&quot;background_background&quot;:&quot;classic&quot;}\">\n\t\t\t<div class=\"elementor-widget-wrap elementor-element-populated\">\n\t\t\t\t\t\t<div class=\"elementor-element elementor-element-25a42e7 legend-aside elementor-widget elementor-widget-line_google_chart\" data-id=\"25a42e7\" data-element_type=\"widget\" data-e-type=\"widget\" data-widget_type=\"line_google_chart.default\">\n\t\t\t\t<div class=\"elementor-widget-container\">\n\t\t\t\t\t<div role=\"img\" class=\"chart-card\">\n\t<div>\n\t\t\t\t\t<h4 class=\"heading graphina-chart-heading\">\n\t\t\t\tPosi\u00e7\u00e3o patrimonial\t\t\t<\/h4>\n\t\t\n\t\t\t<\/div>\n\t<div class=\"chart-box\">\n\t<div class=\"google-chart-texture\">\n\t\t<p>No Data Found<\/p>\n\t<\/div>\n\t<div class=\"graphina-google-chart \"\n        data-common_filter_id=\"\"\n\t\tdata-chart_type=\"line_google\"\n\t\tdata-chart_type_static=\"LineChart\"\n\t\tdata-element_id=\"25a42e7\"\n\t\tdata-chart_options='{&quot;title&quot;:&quot;&quot;,&quot;titlePosition&quot;:&quot;none&quot;,&quot;titleTextStyle&quot;:{&quot;fontName&quot;:&quot;Poppins&quot;,&quot;color&quot;:&quot;&quot;,&quot;fontSize&quot;:&quot;&quot;},&quot;chartArea&quot;:{&quot;left&quot;:&quot;10%&quot;,&quot;right&quot;:&quot;5%&quot;},&quot;height&quot;:350,&quot;series&quot;:[{&quot;lineWidth&quot;:2,&quot;lineDashStyle&quot;:null,&quot;pointShow&quot;:&quot;yes&quot;,&quot;pointSize&quot;:6,&quot;pointShape&quot;:&quot;circle&quot;,&quot;targetAxisIndex&quot;:0},{&quot;lineWidth&quot;:2,&quot;lineDashStyle&quot;:null,&quot;pointShow&quot;:&quot;yes&quot;,&quot;pointSize&quot;:5,&quot;pointShape&quot;:&quot;circle&quot;,&quot;targetAxisIndex&quot;:0},{&quot;lineWidth&quot;:2,&quot;lineDashStyle&quot;:null,&quot;pointShow&quot;:&quot;yes&quot;,&quot;pointSize&quot;:5,&quot;pointShape&quot;:&quot;circle&quot;,&quot;targetAxisIndex&quot;:0},{&quot;lineWidth&quot;:2,&quot;lineDashStyle&quot;:null,&quot;pointShow&quot;:&quot;yes&quot;,&quot;pointSize&quot;:5,&quot;pointShape&quot;:&quot;circle&quot;,&quot;targetAxisIndex&quot;:0}],&quot;tooltip&quot;:{&quot;showColorCode&quot;:true,&quot;textStyle&quot;:{&quot;color&quot;:&quot;#1B7A89&quot;},&quot;trigger&quot;:&quot;focus&quot;},&quot;backgroundColor&quot;:&quot;#FFFFFF&quot;,&quot;colors&quot;:[&quot;#01544C&quot;,&quot;#30BC59&quot;,&quot;#04786D&quot;,&quot;#1B7A89&quot;],&quot;legend&quot;:{&quot;position&quot;:&quot;bottom&quot;,&quot;textStyle&quot;:{&quot;fontName&quot;:&quot;Poppins&quot;,&quot;fontSize&quot;:10,&quot;color&quot;:&quot;black&quot;},&quot;alignment&quot;:&quot;center&quot;},&quot;annotations&quot;:{&quot;stemColor&quot;:&quot;&quot;,&quot;textStyle&quot;:{&quot;fontName&quot;:&quot;Poppins&quot;,&quot;fontSize&quot;:&quot;&quot;,&quot;color&quot;:&quot;&quot;,&quot;auraColor&quot;:&quot;&quot;,&quot;opacity&quot;:&quot;&quot;}},&quot;isStacked&quot;:false,&quot;animation&quot;:{&quot;startup&quot;:true,&quot;duration&quot;:800,&quot;easing&quot;:&quot;linear&quot;},&quot;hAxis&quot;:{&quot;slantedText&quot;:false,&quot;slantedTextAngle&quot;:&quot;&quot;,&quot;direction&quot;:1,&quot;title&quot;:&quot;&quot;,&quot;titleTextStyle&quot;:{&quot;fontName&quot;:&quot;Poppins&quot;,&quot;color&quot;:&quot;&quot;,&quot;fontSize&quot;:&quot;&quot;},&quot;textStyle&quot;:{&quot;fontName&quot;:&quot;Poppins&quot;,&quot;color&quot;:&quot;#01544C&quot;,&quot;fontSize&quot;:12},&quot;textPosition&quot;:&quot;out&quot;},&quot;vAxis&quot;:{&quot;viewWindowMode&quot;:&quot;explicit&quot;,&quot;viewWindow&quot;:{&quot;max&quot;:&quot;&quot;,&quot;min&quot;:&quot;&quot;},&quot;direction&quot;:1,&quot;title&quot;:&quot;R$ Bilh\\u00f5es&quot;,&quot;logScale&quot;:&quot;&quot;,&quot;scaleType&quot;:&quot;&quot;,&quot;titleTextStyle&quot;:{&quot;color&quot;:&quot;#01544C&quot;,&quot;fontName&quot;:&quot;Poppins&quot;,&quot;fontSize&quot;:14},&quot;textStyle&quot;:{&quot;fontName&quot;:&quot;Poppins&quot;,&quot;color&quot;:&quot;#01544C&quot;,&quot;fontSize&quot;:11},&quot;textPosition&quot;:&quot;out&quot;,&quot;format&quot;:&quot;R$&quot;,&quot;baselineColor&quot;:&quot;#cccccc&quot;,&quot;gridlines&quot;:{&quot;color&quot;:&quot;#cccccc&quot;,&quot;count&quot;:5}}}'\n\t\tdata-chart_data='{&quot;columns&quot;:[{&quot;type&quot;:&quot;string&quot;,&quot;label&quot;:&quot;Category&quot;},{&quot;type&quot;:&quot;number&quot;,&quot;label&quot;:&quot; Plano I &quot;},{&quot;type&quot;:&quot;number&quot;,&quot;label&quot;:&quot; Plano II &quot;},{&quot;type&quot;:&quot;number&quot;,&quot;label&quot;:&quot; Plano III&quot;},{&quot;type&quot;:&quot;number&quot;,&quot;label&quot;:&quot;Total&quot;}],&quot;rows&quot;:[[&quot;2019&quot;,1083562277.599999904632568359375,151479219.7100000083446502685546875,51709693.630000002682209014892578125,1286751190.940000057220458984375],[&quot;2020&quot;,1143778344.6600000858306884765625,189816051.5,55579154.439999997615814208984375,1389173550.599999904632568359375],[&quot;2021&quot;,1223307384.9100000858306884765625,224291510.5900000035762786865234375,59083191.229999996721744537353515625,1506682086.730000019073486328125],[&quot;2022&quot;,1088447225.019999980926513671875,513734391.810000002384185791015625,69894607.79000000655651092529296875,1672076224.61999988555908203125],[&quot;2023&quot;,1179305445.9900000095367431640625,615224086.41999995708465576171875,84212725.4699999988079071044921875,1878742257.88000011444091796875],[&quot;2024&quot;,1253581484.5499999523162841796875,689636724.34000003337860107421875,99185212.20000000298023223876953125,2042403421.0899999141693115234375]]}'\n\t\tdata-extra_data='{&quot;show_annotation&quot;:false,&quot;chart_annotation_prefix_postfix&quot;:false,&quot;chart_annotation_prefix&quot;:&quot;&quot;,&quot;chart_data_series_count_dynamic&quot;:4,&quot;chart_annotation_postfix&quot;:&quot;&quot;,&quot;chart_data_option&quot;:false,&quot;chart_csv_column_wise_enable&quot;:false,&quot;chart_dynamic_data_option&quot;:&quot;&quot;,&quot;chart_csv_x_columns&quot;:&quot;&quot;,&quot;chart_csv_y_columns&quot;:&quot;&quot;,&quot;chart_csv_x_columns_sql&quot;:&quot;&quot;,&quot;chart_csv_y_columns_sql&quot;:&quot;&quot;,&quot;element_import_from_table_dynamic_key&quot;:&quot;&quot;,&quot;current_post_id&quot;:2407,&quot;graphina_prefix&quot;:&quot;iq_&quot;,&quot;can_chart_reload_ajax&quot;:false,&quot;interval_data_refresh&quot;:15,&quot;is_chart_horizontal&quot;:false}'\n\t\tdata-settings='[]'\n        style=\"height: 350px\"\n\t\t>\n\t<\/div>\n<\/div>\n<script>\n    (function($) {\n        'use strict';\n        $(document).ready(function() {\n            if (window.graphinaGoogleLineChart && typeof window.graphinaGoogleLineChart.observeChartElement === 'function') {\n                window.graphinaGoogleLineChart.observeChartElement($('.graphina-google-chart[data-element_id=\"25a42e7\"]'), 'LineChart');\n            }\n        });\n    })(jQuery);\n<\/script>\t<div class=\"graphina-filter-notext graphina-25a42e7-notext\" style=\"display: none; height:350px; align-content:center\">\n\t\t<p class=\"graphina-filter-notext\" style=\"text-align: center;\">\n\t\t\tNo Data Found\t\t<\/p>\n\t<\/div>\n\n<\/div>\t\t\t\t<\/div>\n\t\t\t\t<\/div>\n\t\t\t\t<div class=\"elementor-element elementor-element-030fbff elementor-widget elementor-widget-text-editor\" data-id=\"030fbff\" data-element_type=\"widget\" data-e-type=\"widget\" data-widget_type=\"text-editor.default\">\n\t\t\t\t<div class=\"elementor-widget-container\">\n\t\t\t\t\t\t\t\t\t<p><strong>Plano I<\/strong> &#8211; Plano de Aposentadoria<\/p><p><strong>Plano II<\/strong> &#8211; Plano de Benef\u00edcios<\/p><p><strong>Plano III<\/strong> &#8211; Mais Vida<\/p>\t\t\t\t\t\t\t\t<\/div>\n\t\t\t\t<\/div>\n\t\t\t\t\t<\/div>\n\t\t<\/div>\n\t\t\t\t\t<\/div>\n\t\t<\/section>\n\t\t<div class=\"elementor-element elementor-element-63bf3dc e-flex e-con-boxed e-con e-parent\" data-id=\"63bf3dc\" data-element_type=\"container\" data-e-type=\"container\">\n\t\t\t\t\t<div class=\"e-con-inner\">\n\t\t\t\t<div class=\"elementor-element elementor-element-40a3d93 elementor-widget elementor-widget-column_chart\" data-id=\"40a3d93\" data-element_type=\"widget\" data-e-type=\"widget\" data-widget_type=\"column_chart.default\">\n\t\t\t\t<div class=\"elementor-widget-container\">\n\t\t\t\t\t<div role=\"img\" class=\"\">\n\t<div>\n\t\t\n\t\t\t<\/div>\n\t\n<div class=\"chart-box\">\n    <div class=\"graphina-elementor-chart \"\n        data-chart_type=\"column\"\n        data-common_filter_id=\"\"\n        data-element_id=\"40a3d93\"\n        data-chart_options=\"{&quot;series&quot;:[{&quot;name&quot;:&quot;Plano I &quot;,&quot;data&quot;:[1083562277.599999904632568359375,1143778344.6600000858306884765625,1223307384.9100000858306884765625,1088447225.019999980926513671875,1179305445.9900000095367431640625,1253581484.5499999523162841796875],&quot;yaxis&quot;:0},{&quot;name&quot;:&quot;Plano II&quot;,&quot;data&quot;:[151479219.7100000083446502685546875,189816051.5,224291510.5900000035762786865234375,513734391.810000002384185791015625,615224086.41999995708465576171875,689636724.34000003337860107421875],&quot;yaxis&quot;:0},{&quot;name&quot;:&quot;Plano III&quot;,&quot;data&quot;:[51709693.630000002682209014892578125,55579154.439999997615814208984375,59083191.229999996721744537353515625,69894607.79000000655651092529296875,84212725.4699999988079071044921875,99185212.20000000298023223876953125],&quot;yaxis&quot;:0},{&quot;name&quot;:&quot;TOTAL&quot;,&quot;data&quot;:[1286751190.940000057220458984375,1389173550.599999904632568359375,1506682086.730000019073486328125,1672076224.61999988555908203125,1878742257.88000011444091796875,2042403421.0899999141693115234375],&quot;yaxis&quot;:0}],&quot;chart&quot;:{&quot;id&quot;:&quot;40a3d93&quot;,&quot;background&quot;:&quot;&quot;,&quot;height&quot;:350,&quot;type&quot;:&quot;bar&quot;,&quot;stacked&quot;:&quot;&quot;,&quot;toolbar&quot;:{&quot;offsetX&quot;:0,&quot;offsetY&quot;:0,&quot;show&quot;:false,&quot;export&quot;:{&quot;csv&quot;:{&quot;filename&quot;:&quot;&quot;},&quot;svg&quot;:{&quot;filename&quot;:&quot;&quot;},&quot;png&quot;:{&quot;filename&quot;:&quot;&quot;}},&quot;tools&quot;:{&quot;download&quot;:false}},&quot;dropShadow&quot;:{&quot;enabled&quot;:&quot;&quot;,&quot;top&quot;:0,&quot;left&quot;:0,&quot;blur&quot;:0,&quot;color&quot;:&quot;&quot;,&quot;opacity&quot;:0},&quot;animations&quot;:{&quot;enabled&quot;:true,&quot;speed&quot;:800,&quot;delay&quot;:150},&quot;locales&quot;:[{&quot;name&quot;:&quot;pt_BR&quot;,&quot;options&quot;:{&quot;toolbar&quot;:{&quot;download&quot;:&quot;Download SVG&quot;,&quot;selection&quot;:&quot;Selection&quot;,&quot;selectionZoom&quot;:&quot;Selection Zoom&quot;,&quot;zoomIn&quot;:&quot;Zoom In&quot;,&quot;zoomOut&quot;:&quot;Zoom Out&quot;,&quot;pan&quot;:&quot;Panning&quot;,&quot;reset&quot;:&quot;Reset Zoom&quot;,&quot;menu&quot;:&quot;Menu&quot;,&quot;exportToSVG&quot;:&quot;Download SVG&quot;,&quot;exportToPNG&quot;:&quot;Download PNG&quot;,&quot;exportToCSV&quot;:&quot;Download CSV&quot;},&quot;months&quot;:[&quot;January&quot;,&quot;February&quot;,&quot;March&quot;,&quot;April&quot;,&quot;May&quot;,&quot;June&quot;,&quot;July&quot;,&quot;August&quot;,&quot;September&quot;,&quot;October&quot;,&quot;November&quot;,&quot;December&quot;],&quot;shortMonths&quot;:[&quot;Jan&quot;,&quot;Feb&quot;,&quot;Mar&quot;,&quot;Apr&quot;,&quot;May&quot;,&quot;Jun&quot;,&quot;Jul&quot;,&quot;Aug&quot;,&quot;Sep&quot;,&quot;Oct&quot;,&quot;Nov&quot;,&quot;Dec&quot;],&quot;days&quot;:[&quot;Sunday&quot;,&quot;Monday&quot;,&quot;Tuesday&quot;,&quot;Wednesday&quot;,&quot;Thursday&quot;,&quot;Friday&quot;,&quot;Saturday&quot;],&quot;shortDays&quot;:[&quot;Sun&quot;,&quot;Mon&quot;,&quot;Tue&quot;,&quot;Wed&quot;,&quot;Thu&quot;,&quot;Fri&quot;,&quot;Sat&quot;]}}],&quot;defaultLocale&quot;:&quot;pt_BR&quot;},&quot;xaxis&quot;:{&quot;tickAmount&quot;:6,&quot;tickPlacement&quot;:&quot;on&quot;,&quot;position&quot;:&quot;bottom&quot;,&quot;labels&quot;:{&quot;show&quot;:true,&quot;rotateAlways&quot;:false,&quot;rotate&quot;:0,&quot;offsetX&quot;:0,&quot;offsetY&quot;:0,&quot;trim&quot;:true,&quot;style&quot;:{&quot;colors&quot;:&quot;#000000&quot;,&quot;fontSize&quot;:&quot;12px&quot;,&quot;fontFamily&quot;:&quot;Poppins&quot;,&quot;fontWeight&quot;:&quot;&quot;}},&quot;tooltip&quot;:{&quot;enabled&quot;:false},&quot;crosshairs&quot;:{&quot;show&quot;:false},&quot;categories&quot;:[&quot;2019&quot;,&quot;2020&quot;,&quot;2021&quot;,&quot;2022&quot;,&quot;2023&quot;,&quot;2024&quot;]},&quot;colors&quot;:[&quot;#01544C&quot;,&quot;#30BC59&quot;,&quot;#04786D&quot;,&quot;#1B7A89&quot;],&quot;yaxis&quot;:{&quot;tickAmount&quot;:5,&quot;decimalsInFloat&quot;:2,&quot;labels&quot;:{&quot;show&quot;:true,&quot;offsetX&quot;:0,&quot;maxWidth&quot;:&quot;auto&quot;,&quot;offsetY&quot;:0,&quot;rotate&quot;:0,&quot;style&quot;:{&quot;colors&quot;:&quot;#000000&quot;,&quot;fontSize&quot;:&quot;12px&quot;,&quot;fontFamily&quot;:&quot;Poppins&quot;,&quot;fontWeight&quot;:&quot;&quot;}},&quot;tooltip&quot;:{&quot;enabled&quot;:false},&quot;crosshairs&quot;:{&quot;show&quot;:false},&quot;opposite&quot;:false},&quot;legend&quot;:{&quot;showForSingleSeries&quot;:true,&quot;show&quot;:true,&quot;position&quot;:&quot;bottom&quot;,&quot;horizontalAlign&quot;:&quot;center&quot;,&quot;fontSize&quot;:&quot;12px&quot;,&quot;fontFamily&quot;:&quot;Poppins&quot;,&quot;fontWeight&quot;:&quot;&quot;,&quot;labels&quot;:{&quot;colors&quot;:&quot;#000000&quot;}},&quot;dataLabels&quot;:{&quot;enabled&quot;:false,&quot;style&quot;:{&quot;fontSize&quot;:&quot;12px&quot;,&quot;fontFamily&quot;:&quot;Poppins&quot;,&quot;fontWeight&quot;:&quot;&quot;,&quot;colors&quot;:[null]},&quot;background&quot;:{&quot;enabled&quot;:false,&quot;borderRadius&quot;:0,&quot;foreColor&quot;:&quot;#ffffff&quot;,&quot;borderWidth&quot;:1,&quot;borderColor&quot;:&quot;#ffffff&quot;},&quot;offsetY&quot;:0,&quot;offsetX&quot;:0},&quot;noData&quot;:{&quot;text&quot;:&quot;&quot;,&quot;align&quot;:&quot;center&quot;,&quot;verticalAlign&quot;:&quot;middle&quot;,&quot;style&quot;:{&quot;colors&quot;:&quot;#000000&quot;,&quot;fontSize&quot;:&quot;12px&quot;,&quot;fontFamily&quot;:&quot;Poppins&quot;,&quot;fontWeight&quot;:&quot;&quot;}},&quot;tooltip&quot;:{&quot;enabled&quot;:true,&quot;theme&quot;:&quot;light&quot;,&quot;shared&quot;:&quot;yes&quot;,&quot;intersect&quot;:false,&quot;enabledOnSeries&quot;:[0,1,2,3]},&quot;responsive&quot;:[{&quot;breakpoint&quot;:1024,&quot;options&quot;:{&quot;chart&quot;:{&quot;height&quot;:350},&quot;dataLabels&quot;:{&quot;enabled&quot;:false,&quot;style&quot;:{&quot;fontSize&quot;:&quot;12px&quot;,&quot;fontWeight&quot;:&quot;&quot;,&quot;colors&quot;:[null]},&quot;background&quot;:{&quot;enabled&quot;:false,&quot;borderRadius&quot;:0,&quot;foreColor&quot;:[&quot;#ffffff&quot;],&quot;borderWidth&quot;:1,&quot;borderColor&quot;:&quot;#ffffff&quot;}},&quot;yaxis&quot;:{&quot;labels&quot;:{&quot;show&quot;:true,&quot;style&quot;:{&quot;colors&quot;:&quot;#000000&quot;,&quot;fontSize&quot;:&quot;12px&quot;,&quot;fontWeight&quot;:&quot;&quot;}}},&quot;xaxis&quot;:{&quot;labels&quot;:{&quot;style&quot;:{&quot;colors&quot;:&quot;#000000&quot;,&quot;fontSize&quot;:&quot;12px&quot;,&quot;fontWeight&quot;:&quot;&quot;}}},&quot;legend&quot;:{&quot;showForSingleSeries&quot;:true,&quot;fontSize&quot;:&quot;12px&quot;,&quot;fontWeight&quot;:&quot;&quot;,&quot;position&quot;:&quot;bottom&quot;,&quot;horizontalAlign&quot;:&quot;center&quot;,&quot;labels&quot;:{&quot;colors&quot;:&quot;#000000&quot;}}}},{&quot;breakpoint&quot;:767,&quot;options&quot;:{&quot;chart&quot;:{&quot;height&quot;:350},&quot;dataLabels&quot;:{&quot;enabled&quot;:false,&quot;style&quot;:{&quot;fontSize&quot;:&quot;12px&quot;,&quot;fontWeight&quot;:&quot;&quot;,&quot;colors&quot;:[null]},&quot;background&quot;:{&quot;enabled&quot;:false,&quot;borderRadius&quot;:0,&quot;foreColor&quot;:[&quot;#ffffff&quot;],&quot;borderWidth&quot;:1,&quot;borderColor&quot;:&quot;#ffffff&quot;}},&quot;yaxis&quot;:{&quot;labels&quot;:{&quot;show&quot;:true,&quot;style&quot;:{&quot;colors&quot;:&quot;#000000&quot;,&quot;fontSize&quot;:&quot;12px&quot;,&quot;fontWeight&quot;:&quot;&quot;}}},&quot;xaxis&quot;:{&quot;labels&quot;:{&quot;style&quot;:{&quot;colors&quot;:&quot;#000000&quot;,&quot;fontSize&quot;:&quot;12px&quot;,&quot;fontWeight&quot;:&quot;&quot;}}},&quot;legend&quot;:{&quot;showForSingleSeries&quot;:true,&quot;fontSize&quot;:&quot;12px&quot;,&quot;fontWeight&quot;:&quot;&quot;,&quot;position&quot;:&quot;bottom&quot;,&quot;horizontalAlign&quot;:&quot;center&quot;,&quot;labels&quot;:{&quot;colors&quot;:&quot;#000000&quot;}}}}],&quot;fill&quot;:{&quot;type&quot;:&quot;classic&quot;,&quot;opacity&quot;:1,&quot;colors&quot;:[&quot;#01544C&quot;,&quot;#30BC59&quot;,&quot;#04786D&quot;,&quot;#1B7A89&quot;],&quot;gradient&quot;:{&quot;gradientToColors&quot;:[&quot;#01544C&quot;,&quot;#30BC59&quot;,&quot;#04786D&quot;,&quot;#1B7A89&quot;],&quot;type&quot;:null,&quot;inverseColors&quot;:false,&quot;opacityFrom&quot;:0,&quot;opacityTo&quot;:0},&quot;pattern&quot;:{&quot;style&quot;:[&quot;&quot;,&quot;&quot;,&quot;&quot;,&quot;&quot;],&quot;width&quot;:6,&quot;height&quot;:6,&quot;strokeWidth&quot;:2}},&quot;markers&quot;:{&quot;size&quot;:[],&quot;strokeColors&quot;:[],&quot;strokeWidth&quot;:[],&quot;shape&quot;:[],&quot;showNullDataPoints&quot;:true,&quot;hover&quot;:{&quot;size&quot;:3,&quot;sizeOffset&quot;:1}},&quot;plotOptions&quot;:{&quot;bar&quot;:{&quot;horizontal&quot;:false,&quot;columnWidth&quot;:&quot;50%&quot;,&quot;borderRadius&quot;:0,&quot;dataLabels&quot;:{&quot;position&quot;:&quot;&quot;,&quot;orientation&quot;:&quot;&quot;,&quot;total&quot;:{&quot;enabled&quot;:false,&quot;style&quot;:{&quot;fontSize&quot;:&quot;&quot;}}}}},&quot;grid&quot;:{&quot;borderColor&quot;:&quot;#90A4AE&quot;,&quot;yaxis&quot;:{&quot;lines&quot;:{&quot;show&quot;:true}}},&quot;position&quot;:&quot;bottom&quot;}\"\n        data-responsive_options=\"[{&quot;breakpoint&quot;:1024,&quot;options&quot;:{&quot;chart&quot;:{&quot;height&quot;:350},&quot;xaxis&quot;:{&quot;title&quot;:{&quot;style&quot;:{&quot;fontSize&quot;:&quot;12px&quot;}},&quot;labels&quot;:{&quot;style&quot;:{&quot;fontSize&quot;:&quot;12px&quot;}}},&quot;yaxis&quot;:{&quot;title&quot;:{&quot;style&quot;:{&quot;fontSize&quot;:&quot;12px&quot;}},&quot;labels&quot;:{&quot;style&quot;:{&quot;fontSize&quot;:&quot;12px&quot;}}},&quot;legend&quot;:{&quot;fontSize&quot;:&quot;12px&quot;,&quot;position&quot;:&quot;bottom&quot;,&quot;horizontalAlign&quot;:&quot;center&quot;},&quot;dataLabels&quot;:{&quot;style&quot;:{&quot;fontSize&quot;:&quot;12px&quot;}}}},{&quot;breakpoint&quot;:674,&quot;options&quot;:{&quot;chart&quot;:{&quot;height&quot;:350},&quot;xaxis&quot;:{&quot;title&quot;:{&quot;style&quot;:{&quot;fontSize&quot;:&quot;12px&quot;}},&quot;labels&quot;:{&quot;style&quot;:{&quot;fontSize&quot;:&quot;12px&quot;}}},&quot;yaxis&quot;:{&quot;title&quot;:{&quot;style&quot;:{&quot;fontSize&quot;:&quot;12px&quot;}},&quot;labels&quot;:{&quot;style&quot;:{&quot;fontSize&quot;:&quot;12px&quot;}}},&quot;legend&quot;:{&quot;fontSize&quot;:&quot;12px&quot;,&quot;position&quot;:&quot;bottom&quot;,&quot;horizontalAlign&quot;:&quot;center&quot;},&quot;dataLabels&quot;:{&quot;style&quot;:{&quot;fontSize&quot;:&quot;12px&quot;}}}}]\"\n        data-extra_data=\"{&quot;no_data_text&quot;:&quot;&quot;,&quot;legend_show_series_value&quot;:false,&quot;xaxis_label_prefix_show&quot;:true,&quot;xaxis_label_prefix&quot;:&quot;&quot;,&quot;xaxis_label_postfix&quot;:&quot;&quot;,&quot;xaxis_show_time&quot;:false,&quot;xaxis_show_date&quot;:false,&quot;yaxis_label_prefix_show&quot;:false,&quot;yaxis_label_format&quot;:true,&quot;yaxis_label_prefix&quot;:&quot;&quot;,&quot;yaxis_label_postfix&quot;:&quot;&quot;,&quot;decimal_in_float&quot;:2,&quot;chart_datalabel_decimals_in_float&quot;:0,&quot;chart_number_format_commas&quot;:false,&quot;chart_yaxis_label_pointer&quot;:false,&quot;chart_yaxis_label_pointer_number&quot;:0,&quot;chart_opposite_yaxis_title_enable&quot;:false,&quot;chart_opposite_yaxis_format_number&quot;:false,&quot;chart_opposite_yaxis_label_show&quot;:false,&quot;chart_opposite_yaxis_label_prefix&quot;:&quot;&quot;,&quot;chart_opposite_yaxis_label_postfix&quot;:&quot;&quot;,&quot;chart_datalabel_prefix&quot;:&quot;&quot;,&quot;chart_tooltip_prefix_val&quot;:&quot;&quot;,&quot;chart_datalabel_postfix&quot;:&quot;&quot;,&quot;chart_tooltip_postfix_val&quot;:&quot;&quot;,&quot;chart_data_option&quot;:false,&quot;dynamic_type&quot;:&quot;manual&quot;,&quot;chart_dynamic_data_option&quot;:&quot;&quot;,&quot;chart_data_series_count_dynamic&quot;:4,&quot;chart_csv_column_wise_enable&quot;:false,&quot;chart_csv_x_columns&quot;:&quot;&quot;,&quot;chart_csv_y_columns&quot;:&quot;&quot;,&quot;chart_csv_x_columns_sql&quot;:&quot;&quot;,&quot;chart_csv_y_columns_sql&quot;:&quot;&quot;,&quot;can_chart_reload_ajax&quot;:false,&quot;interval_data_refresh&quot;:15,&quot;is_chart_horizontal&quot;:false,&quot;current_post_id&quot;:2407,&quot;graphina_prefix&quot;:&quot;iq_&quot;,&quot;xaxis_label_pointer_number&quot;:0,&quot;chart_xaxis_format_number&quot;:false,&quot;chart_xaxis_label_pointer&quot;:false}\"\n        data-settings=\"[]\"\n        style=\"height: 350px;\"\n    >\n    <\/div>\n<\/div>\n<script>\n    (function($) {\n        'use strict';\n        $(document).ready(function() {\n            if (window.graphinaColumnChart && typeof window.graphinaColumnChart.observeChartElement === 'function') {\n                window.graphinaColumnChart.observeChartElement($('.graphina-elementor-chart[data-element_id=\"40a3d93\"]'), 'bar');\n            }\n        });\n    })(jQuery);\n<\/script>\t<div class=\"graphina-filter-notext graphina-40a3d93-notext\" style=\"display: none; height:350px; align-content:center\">\n\t\t<p class=\"graphina-filter-notext\" style=\"text-align: center;\">\n\t\t\tNo Data Found\t\t<\/p>\n\t<\/div>\n\n<\/div>\t\t\t\t<\/div>\n\t\t\t\t<\/div>\n\t\t\t\t<div class=\"elementor-element elementor-element-56d0d7c elementor-widget elementor-widget-text-editor\" data-id=\"56d0d7c\" data-element_type=\"widget\" data-e-type=\"widget\" data-widget_type=\"text-editor.default\">\n\t\t\t\t<div class=\"elementor-widget-container\">\n\t\t\t\t\t\t\t\t\t<p><strong>Plano I<\/strong> &#8211; Plano de Aposentadoria<\/p><p><strong>Plano II<\/strong> &#8211; Plano de Benef\u00edcios<\/p><p><strong>Plano III<\/strong> &#8211; Mais Vida<\/p>\t\t\t\t\t\t\t\t<\/div>\n\t\t\t\t<\/div>\n\t\t\t\t\t<\/div>\n\t\t\t\t<\/div>\n\t\t\t\t<\/div>\n\t\t","protected":false},"excerpt":{"rendered":"<p>Em 2024, o patrim\u00f4nio total da CargillPrev atingiu R$ 2,04 bilh\u00f5es, representando um crescimento de 8,7% em rela\u00e7\u00e3o ao ano anterior. Posi\u00e7\u00e3o patrimonial No Data Found Plano I &#8211; Plano de Aposentadoria Plano II &#8211; Plano de Benef\u00edcios Plano III &#8211; Mais Vida Plano I &#8211; Plano de Aposentadoria Plano II &#8211; Plano de Benef\u00edcios [&hellip;]<\/p>\n","protected":false},"author":1,"featured_media":3110,"parent":2403,"menu_order":8,"comment_status":"closed","ping_status":"closed","template":"","meta":{"footnotes":""},"class_list":["post-2407","page","type-page","status-publish","has-post-thumbnail","hentry"],"acf":[],"_links":{"self":[{"href":"https:\/\/cargillprev.com.br\/relatorio-anual-2024\/wp-json\/wp\/v2\/pages\/2407","targetHints":{"allow":["GET"]}}],"collection":[{"href":"https:\/\/cargillprev.com.br\/relatorio-anual-2024\/wp-json\/wp\/v2\/pages"}],"about":[{"href":"https:\/\/cargillprev.com.br\/relatorio-anual-2024\/wp-json\/wp\/v2\/types\/page"}],"author":[{"embeddable":true,"href":"https:\/\/cargillprev.com.br\/relatorio-anual-2024\/wp-json\/wp\/v2\/users\/1"}],"replies":[{"embeddable":true,"href":"https:\/\/cargillprev.com.br\/relatorio-anual-2024\/wp-json\/wp\/v2\/comments?post=2407"}],"version-history":[{"count":24,"href":"https:\/\/cargillprev.com.br\/relatorio-anual-2024\/wp-json\/wp\/v2\/pages\/2407\/revisions"}],"predecessor-version":[{"id":3111,"href":"https:\/\/cargillprev.com.br\/relatorio-anual-2024\/wp-json\/wp\/v2\/pages\/2407\/revisions\/3111"}],"up":[{"embeddable":true,"href":"https:\/\/cargillprev.com.br\/relatorio-anual-2024\/wp-json\/wp\/v2\/pages\/2403"}],"wp:featuredmedia":[{"embeddable":true,"href":"https:\/\/cargillprev.com.br\/relatorio-anual-2024\/wp-json\/wp\/v2\/media\/3110"}],"wp:attachment":[{"href":"https:\/\/cargillprev.com.br\/relatorio-anual-2024\/wp-json\/wp\/v2\/media?parent=2407"}],"curies":[{"name":"wp","href":"https:\/\/api.w.org\/{rel}","templated":true}]}}