{"id":2411,"date":"2025-03-31T18:10:49","date_gmt":"2025-03-31T21:10:49","guid":{"rendered":"https:\/\/crtpropaganda.com.br\/raicargillprev\/?page_id=2411"},"modified":"2025-04-28T12:59:32","modified_gmt":"2025-04-28T15:59:32","slug":"educacao-financeira","status":"publish","type":"page","link":"https:\/\/cargillprev.com.br\/relatorio-anual-2024\/acoes-realizadas\/educacao-financeira\/","title":{"rendered":"Educa\u00e7\u00e3o Financeira"},"content":{"rendered":"\t\t<div data-elementor-type=\"wp-page\" data-elementor-id=\"2411\" class=\"elementor elementor-2411\">\n\t\t\t\t\t\t<section class=\"elementor-section elementor-top-section elementor-element elementor-element-1c8c81b elementor-section-boxed elementor-section-height-default elementor-section-height-default\" data-id=\"1c8c81b\" data-element_type=\"section\" data-e-type=\"section\">\n\t\t\t\t\t\t<div class=\"elementor-container elementor-column-gap-default\">\n\t\t\t\t\t<div class=\"elementor-column elementor-col-100 elementor-top-column elementor-element elementor-element-471e7532\" data-id=\"471e7532\" data-element_type=\"column\" data-e-type=\"column\">\n\t\t\t<div class=\"elementor-widget-wrap elementor-element-populated\">\n\t\t\t\t\t\t<div class=\"elementor-element elementor-element-7bc5af77 elementor-widget elementor-widget-text-editor\" data-id=\"7bc5af77\" data-element_type=\"widget\" data-e-type=\"widget\" data-widget_type=\"text-editor.default\">\n\t\t\t\t<div class=\"elementor-widget-container\">\n\t\t\t\t\t\t\t\t\t<p>A educa\u00e7\u00e3o financeira e previdenci\u00e1ria \u00e9 um pilar essencial para garantir que os participantes fa\u00e7am escolhas conscientes e estrat\u00e9gicas para o futuro. Ter conhecimento sobre finan\u00e7as permite um planejamento mais eficiente, proporcionando mais seguran\u00e7a e tranquilidade para a jornada at\u00e9 a aposentadoria. Com esse compromisso, a CargillPrev promoveu dois eventos ao longo do ano, refor\u00e7ando sua miss\u00e3o de capacitar os participantes para uma longevidade financeira sustent\u00e1vel.<\/p>\t\t\t\t\t\t\t\t<\/div>\n\t\t\t\t<\/div>\n\t\t\t\t\t<\/div>\n\t\t<\/div>\n\t\t\t\t\t<\/div>\n\t\t<\/section>\n\t\t\t\t<section class=\"elementor-section elementor-top-section elementor-element elementor-element-385bcee6 elementor-section-boxed elementor-section-height-default elementor-section-height-default\" data-id=\"385bcee6\" data-element_type=\"section\" data-e-type=\"section\">\n\t\t\t\t\t\t<div class=\"elementor-container elementor-column-gap-default\">\n\t\t\t\t\t<div class=\"elementor-column elementor-col-100 elementor-top-column elementor-element elementor-element-42eadd39\" data-id=\"42eadd39\" data-element_type=\"column\" data-e-type=\"column\">\n\t\t\t<div class=\"elementor-widget-wrap elementor-element-populated\">\n\t\t\t\t\t\t<div class=\"elementor-element elementor-element-73badf42 box-destaque-materia elementor-widget elementor-widget-heading\" data-id=\"73badf42\" data-element_type=\"widget\" data-e-type=\"widget\" data-widget_type=\"heading.default\">\n\t\t\t\t<div class=\"elementor-widget-container\">\n\t\t\t\t\t<p class=\"elementor-heading-title elementor-size-default\">Um momento de reflex\u00e3o e aprendizado<\/p>\t\t\t\t<\/div>\n\t\t\t\t<\/div>\n\t\t\t\t\t<\/div>\n\t\t<\/div>\n\t\t\t\t\t<\/div>\n\t\t<\/section>\n\t\t\t\t<section class=\"elementor-section elementor-top-section elementor-element elementor-element-1f1c1327 elementor-section-boxed elementor-section-height-default elementor-section-height-default\" data-id=\"1f1c1327\" data-element_type=\"section\" data-e-type=\"section\">\n\t\t\t\t\t\t<div class=\"elementor-container elementor-column-gap-default\">\n\t\t\t\t\t<div class=\"elementor-column elementor-col-100 elementor-top-column elementor-element elementor-element-4a8fb572\" data-id=\"4a8fb572\" data-element_type=\"column\" data-e-type=\"column\">\n\t\t\t<div class=\"elementor-widget-wrap elementor-element-populated\">\n\t\t\t\t\t\t<div class=\"elementor-element elementor-element-6d86f4de elementor-widget elementor-widget-text-editor\" data-id=\"6d86f4de\" data-element_type=\"widget\" data-e-type=\"widget\" data-widget_type=\"text-editor.default\">\n\t\t\t\t<div class=\"elementor-widget-container\">\n\t\t\t\t\t\t\t\t\t<p>Em parceria com a <strong>CoopCargill<\/strong> e o programa <strong>Essencial Pra Voc\u00ea<\/strong>, a CargillPrev patrocinou um evento voltado para a valoriza\u00e7\u00e3o das mulheres, oferecendo um espa\u00e7o de aprendizado e inspira\u00e7\u00e3o. A iniciativa apresentou reflex\u00f5es sobre diversos aspectos do universo feminino, incluindo autoestima e empoderamento financeiro. A palestra proporcionou uma jornada transformadora, capacitando as participantes a abra\u00e7ar sua totalidade e excel\u00eancia. O evento refor\u00e7ou a import\u00e2ncia do planejamento financeiro como um meio de conquistar independ\u00eancia e seguran\u00e7a para o futuro.<\/p>\t\t\t\t\t\t\t\t<\/div>\n\t\t\t\t<\/div>\n\t\t\t\t\t<\/div>\n\t\t<\/div>\n\t\t\t\t\t<\/div>\n\t\t<\/section>\n\t\t\t\t<section class=\"elementor-section elementor-top-section elementor-element elementor-element-6908dee3 elementor-section-boxed elementor-section-height-default elementor-section-height-default\" data-id=\"6908dee3\" data-element_type=\"section\" data-e-type=\"section\">\n\t\t\t\t\t\t<div class=\"elementor-container elementor-column-gap-default\">\n\t\t\t\t\t<div class=\"elementor-column elementor-col-100 elementor-top-column elementor-element elementor-element-efbfd1b\" data-id=\"efbfd1b\" data-element_type=\"column\" data-e-type=\"column\">\n\t\t\t<div class=\"elementor-widget-wrap elementor-element-populated\">\n\t\t\t\t\t\t<div class=\"elementor-element elementor-element-520aaba5 box-destaque-materia elementor-widget elementor-widget-heading\" data-id=\"520aaba5\" data-element_type=\"widget\" data-e-type=\"widget\" data-widget_type=\"heading.default\">\n\t\t\t\t<div class=\"elementor-widget-container\">\n\t\t\t\t\t<p class=\"elementor-heading-title elementor-size-default\">Independ\u00eancia financeira para jovens<\/p>\t\t\t\t<\/div>\n\t\t\t\t<\/div>\n\t\t\t\t\t<\/div>\n\t\t<\/div>\n\t\t\t\t\t<\/div>\n\t\t<\/section>\n\t\t\t\t<section class=\"elementor-section elementor-top-section elementor-element elementor-element-61ccf7a0 elementor-section-boxed elementor-section-height-default elementor-section-height-default\" data-id=\"61ccf7a0\" data-element_type=\"section\" data-e-type=\"section\">\n\t\t\t\t\t\t<div class=\"elementor-container elementor-column-gap-default\">\n\t\t\t\t\t<div class=\"elementor-column elementor-col-100 elementor-top-column elementor-element elementor-element-57aa4d09\" data-id=\"57aa4d09\" data-element_type=\"column\" data-e-type=\"column\">\n\t\t\t<div class=\"elementor-widget-wrap elementor-element-populated\">\n\t\t\t\t\t\t<div class=\"elementor-element elementor-element-6c17c143 elementor-widget elementor-widget-text-editor\" data-id=\"6c17c143\" data-element_type=\"widget\" data-e-type=\"widget\" data-widget_type=\"text-editor.default\">\n\t\t\t\t<div class=\"elementor-widget-container\">\n\t\t\t\t\t\t\t\t\t<p>Preparar as futuras gera\u00e7\u00f5es para lidar com o dinheiro de forma respons\u00e1vel \u00e9 essencial para uma sociedade mais equilibrada financeiramente. Com esse prop\u00f3sito, a CargillPrev promoveu uma palestra sobre <strong>independ\u00eancia financeira<\/strong> para os estagi\u00e1rios da Cargill que participam da <strong>Rede Young Brasil<\/strong>, um programa voltado ao desenvolvimento de futuros l\u00edderes.<\/p>\t\t\t\t\t\t\t\t<\/div>\n\t\t\t\t<\/div>\n\t\t\t\t\t<\/div>\n\t\t<\/div>\n\t\t\t\t\t<\/div>\n\t\t<\/section>\n\t\t\t\t<section class=\"elementor-section elementor-top-section elementor-element elementor-element-4ebb05e elementor-section-boxed elementor-section-height-default elementor-section-height-default\" data-id=\"4ebb05e\" data-element_type=\"section\" data-e-type=\"section\">\n\t\t\t\t\t\t<div class=\"elementor-container elementor-column-gap-default\">\n\t\t\t\t\t<div class=\"elementor-column elementor-col-100 elementor-top-column elementor-element elementor-element-686fb6e5\" data-id=\"686fb6e5\" data-element_type=\"column\" data-e-type=\"column\">\n\t\t\t<div class=\"elementor-widget-wrap elementor-element-populated\">\n\t\t\t\t\t\t<div class=\"elementor-element elementor-element-41bd1c2c elementor-widget elementor-widget-text-editor\" data-id=\"41bd1c2c\" data-element_type=\"widget\" data-e-type=\"widget\" data-widget_type=\"text-editor.default\">\n\t\t\t\t<div class=\"elementor-widget-container\">\n\t\t\t\t\t\t\t\t\t<p>O evento reuniu <strong>80 jovens<\/strong> e abordou temas fundamentais como endividamento, curr\u00edculo financeiro, armadilhas financeiras e estrat\u00e9gias para garantir a independ\u00eancia financeira. A iniciativa refor\u00e7ou a import\u00e2ncia da educa\u00e7\u00e3o financeira desde o in\u00edcio da vida profissional, incentivando escolhas mais seguras e um planejamento estruturado para o futuro.<\/p>\t\t\t\t\t\t\t\t<\/div>\n\t\t\t\t<\/div>\n\t\t\t\t\t<\/div>\n\t\t<\/div>\n\t\t\t\t\t<\/div>\n\t\t<\/section>\n\t\t\t\t<section class=\"elementor-section elementor-top-section elementor-element elementor-element-163c6976 elementor-section-boxed elementor-section-height-default elementor-section-height-default\" data-id=\"163c6976\" data-element_type=\"section\" data-e-type=\"section\">\n\t\t\t\t\t\t<div class=\"elementor-container elementor-column-gap-default\">\n\t\t\t\t\t<div class=\"elementor-column elementor-col-100 elementor-top-column elementor-element elementor-element-365e56\" data-id=\"365e56\" data-element_type=\"column\" data-e-type=\"column\">\n\t\t\t<div class=\"elementor-widget-wrap elementor-element-populated\">\n\t\t\t\t\t\t<div class=\"elementor-element elementor-element-12f187d2 elementor-widget elementor-widget-text-editor\" data-id=\"12f187d2\" data-element_type=\"widget\" data-e-type=\"widget\" data-widget_type=\"text-editor.default\">\n\t\t\t\t<div class=\"elementor-widget-container\">\n\t\t\t\t\t\t\t\t\t<p>Por meio dessas a\u00e7\u00f5es, a CargillPrev reafirma seu compromisso em impulsionar o futuro dos participantes por meio de conhecimento e ferramentas para que cada um possa construir sua trajet\u00f3ria financeira de forma s\u00f3lida e sustent\u00e1vel.<\/p>\t\t\t\t\t\t\t\t<\/div>\n\t\t\t\t<\/div>\n\t\t\t\t\t<\/div>\n\t\t<\/div>\n\t\t\t\t\t<\/div>\n\t\t<\/section>\n\t\t\t\t<section class=\"elementor-section elementor-top-section elementor-element elementor-element-7970fb2 elementor-section-boxed elementor-section-height-default elementor-section-height-default\" data-id=\"7970fb2\" data-element_type=\"section\" data-e-type=\"section\">\n\t\t\t\t\t\t<div class=\"elementor-container elementor-column-gap-default\">\n\t\t\t\t\t<div class=\"elementor-column elementor-col-100 elementor-top-column elementor-element elementor-element-9d57923\" data-id=\"9d57923\" data-element_type=\"column\" data-e-type=\"column\">\n\t\t\t<div class=\"elementor-widget-wrap elementor-element-populated\">\n\t\t\t\t\t\t<div class=\"elementor-element elementor-element-7653657 elementor-widget elementor-widget-image\" data-id=\"7653657\" data-element_type=\"widget\" data-e-type=\"widget\" data-widget_type=\"image.default\">\n\t\t\t\t<div class=\"elementor-widget-container\">\n\t\t\t\t\t\t\t\t\t\t\t\t\t\t\t<img fetchpriority=\"high\" decoding=\"async\" width=\"800\" height=\"446\" src=\"https:\/\/cargillprev.com.br\/relatorio-anual-2024\/wp-content\/uploads\/2025\/04\/educ-financeira.jpg\" class=\"attachment-large size-large wp-image-2678\" alt=\"\" srcset=\"https:\/\/cargillprev.com.br\/relatorio-anual-2024\/wp-content\/uploads\/2025\/04\/educ-financeira.jpg 800w, https:\/\/cargillprev.com.br\/relatorio-anual-2024\/wp-content\/uploads\/2025\/04\/educ-financeira-300x167.jpg 300w, https:\/\/cargillprev.com.br\/relatorio-anual-2024\/wp-content\/uploads\/2025\/04\/educ-financeira-768x428.jpg 768w\" sizes=\"(max-width: 800px) 100vw, 800px\" \/>\t\t\t\t\t\t\t\t\t\t\t\t\t\t\t<\/div>\n\t\t\t\t<\/div>\n\t\t\t\t\t<\/div>\n\t\t<\/div>\n\t\t\t\t\t<\/div>\n\t\t<\/section>\n\t\t\t\t<\/div>\n\t\t","protected":false},"excerpt":{"rendered":"<p>A educa\u00e7\u00e3o financeira e previdenci\u00e1ria \u00e9 um pilar essencial para garantir que os participantes fa\u00e7am escolhas conscientes e estrat\u00e9gicas para o futuro. Ter conhecimento sobre finan\u00e7as permite um planejamento mais eficiente, proporcionando mais seguran\u00e7a e tranquilidade para a jornada at\u00e9 a aposentadoria. Com esse compromisso, a CargillPrev promoveu dois eventos ao longo do ano, refor\u00e7ando [&hellip;]<\/p>\n","protected":false},"author":1,"featured_media":2961,"parent":2398,"menu_order":14,"comment_status":"closed","ping_status":"closed","template":"","meta":{"footnotes":""},"class_list":["post-2411","page","type-page","status-publish","has-post-thumbnail","hentry"],"acf":[],"_links":{"self":[{"href":"https:\/\/cargillprev.com.br\/relatorio-anual-2024\/wp-json\/wp\/v2\/pages\/2411","targetHints":{"allow":["GET"]}}],"collection":[{"href":"https:\/\/cargillprev.com.br\/relatorio-anual-2024\/wp-json\/wp\/v2\/pages"}],"about":[{"href":"https:\/\/cargillprev.com.br\/relatorio-anual-2024\/wp-json\/wp\/v2\/types\/page"}],"author":[{"embeddable":true,"href":"https:\/\/cargillprev.com.br\/relatorio-anual-2024\/wp-json\/wp\/v2\/users\/1"}],"replies":[{"embeddable":true,"href":"https:\/\/cargillprev.com.br\/relatorio-anual-2024\/wp-json\/wp\/v2\/comments?post=2411"}],"version-history":[{"count":19,"href":"https:\/\/cargillprev.com.br\/relatorio-anual-2024\/wp-json\/wp\/v2\/pages\/2411\/revisions"}],"predecessor-version":[{"id":3126,"href":"https:\/\/cargillprev.com.br\/relatorio-anual-2024\/wp-json\/wp\/v2\/pages\/2411\/revisions\/3126"}],"up":[{"embeddable":true,"href":"https:\/\/cargillprev.com.br\/relatorio-anual-2024\/wp-json\/wp\/v2\/pages\/2398"}],"wp:featuredmedia":[{"embeddable":true,"href":"https:\/\/cargillprev.com.br\/relatorio-anual-2024\/wp-json\/wp\/v2\/media\/2961"}],"wp:attachment":[{"href":"https:\/\/cargillprev.com.br\/relatorio-anual-2024\/wp-json\/wp\/v2\/media?parent=2411"}],"curies":[{"name":"wp","href":"https:\/\/api.w.org\/{rel}","templated":true}]}}