{"id":2416,"date":"2025-03-31T19:52:03","date_gmt":"2025-03-31T22:52:03","guid":{"rendered":"https:\/\/crtpropaganda.com.br\/raicargillprev\/?page_id=2416"},"modified":"2025-04-17T12:25:17","modified_gmt":"2025-04-17T15:25:17","slug":"mensagem-do-diretor-de-investimentos","status":"publish","type":"page","link":"https:\/\/cargillprev.com.br\/relatorio-anual-2024\/investimentos\/mensagem-do-diretor-de-investimentos\/","title":{"rendered":"Mensagem do Diretor de Investimentos"},"content":{"rendered":"\t\t<div data-elementor-type=\"wp-page\" data-elementor-id=\"2416\" class=\"elementor elementor-2416\">\n\t\t\t\t\t\t<section class=\"elementor-section elementor-top-section elementor-element elementor-element-1786d7fd elementor-section-boxed elementor-section-height-default elementor-section-height-default\" data-id=\"1786d7fd\" data-element_type=\"section\" data-e-type=\"section\">\n\t\t\t\t\t\t<div class=\"elementor-container elementor-column-gap-default\">\n\t\t\t\t\t<div class=\"elementor-column elementor-col-100 elementor-top-column elementor-element elementor-element-1139a647\" data-id=\"1139a647\" data-element_type=\"column\" data-e-type=\"column\">\n\t\t\t<div class=\"elementor-widget-wrap elementor-element-populated\">\n\t\t\t\t\t\t<div class=\"elementor-element elementor-element-7af2432 elementor-widget elementor-widget-text-editor\" data-id=\"7af2432\" data-element_type=\"widget\" data-e-type=\"widget\" data-widget_type=\"text-editor.default\">\n\t\t\t\t<div class=\"elementor-widget-container\">\n\t\t\t\t\t\t\t\t\t<p>A CargillPrev segue comprometida em manter uma gest\u00e3o criteriosa e estrat\u00e9gica, com foco na preserva\u00e7\u00e3o de capital e na identifica\u00e7\u00e3o de oportunidades que possam agregar valor aos nossos participantes. Como administradores do patrim\u00f4nio de aposentadoria, temos a responsabilidade de garantir n\u00e3o apenas seguran\u00e7a no presente, mas tamb\u00e9m sustentabilidade no longo prazo, assegurando que os investimentos sejam geridos dentro das normas legais, com equil\u00edbrio entre riscos e retornos, principalmente em momentos de crise.<\/p>\t\t\t\t\t\t\t\t<\/div>\n\t\t\t\t<\/div>\n\t\t\t\t\t<\/div>\n\t\t<\/div>\n\t\t\t\t\t<\/div>\n\t\t<\/section>\n\t\t\t\t<section class=\"elementor-section elementor-top-section elementor-element elementor-element-6bff6c4d elementor-section-boxed elementor-section-height-default elementor-section-height-default\" data-id=\"6bff6c4d\" data-element_type=\"section\" data-e-type=\"section\">\n\t\t\t\t\t\t<div class=\"elementor-container elementor-column-gap-default\">\n\t\t\t\t\t<div class=\"elementor-column elementor-col-100 elementor-top-column elementor-element elementor-element-28e21dc7\" data-id=\"28e21dc7\" data-element_type=\"column\" data-e-type=\"column\">\n\t\t\t<div class=\"elementor-widget-wrap elementor-element-populated\">\n\t\t\t\t\t\t<div class=\"elementor-element elementor-element-250aa1a5 elementor-widget elementor-widget-text-editor\" data-id=\"250aa1a5\" data-element_type=\"widget\" data-e-type=\"widget\" data-widget_type=\"text-editor.default\">\n\t\t\t\t<div class=\"elementor-widget-container\">\n\t\t\t\t\t\t\t\t\t<p>Importante lembrar que os participantes dos planos CargillPrev contam com cinco op\u00e7\u00f5es de Perfis de Investimentos para alocar seus recursos de acordo com os seus objetivos individuais e avers\u00e3o a riscos: Super Conservador, Conservador, Moderado, Arrojado e Super Arrojado, al\u00e9m do Ciclo de vida. Cada carteira tem riscos espec\u00edficos de acordo com seus objetivos, tipos de ativos, <em>benchmarks<\/em> e perspectivas de retorno.<\/p>\t\t\t\t\t\t\t\t<\/div>\n\t\t\t\t<\/div>\n\t\t\t\t\t<\/div>\n\t\t<\/div>\n\t\t\t\t\t<\/div>\n\t\t<\/section>\n\t\t\t\t<section class=\"elementor-section elementor-top-section elementor-element elementor-element-15cdd41c elementor-section-boxed elementor-section-height-default elementor-section-height-default\" data-id=\"15cdd41c\" data-element_type=\"section\" data-e-type=\"section\">\n\t\t\t\t\t\t<div class=\"elementor-container elementor-column-gap-default\">\n\t\t\t\t\t<div class=\"elementor-column elementor-col-100 elementor-top-column elementor-element elementor-element-10bff058\" data-id=\"10bff058\" data-element_type=\"column\" data-e-type=\"column\">\n\t\t\t<div class=\"elementor-widget-wrap elementor-element-populated\">\n\t\t\t\t\t\t<div class=\"elementor-element elementor-element-269aa44f box-destaque-materia elementor-widget elementor-widget-text-editor\" data-id=\"269aa44f\" data-element_type=\"widget\" data-e-type=\"widget\" data-widget_type=\"text-editor.default\">\n\t\t\t\t<div class=\"elementor-widget-container\">\n\t\t\t\t\t\t\t\t\t<p><strong>Cen\u00e1rio econ\u00f4mico 2024<\/strong><\/p>\t\t\t\t\t\t\t\t<\/div>\n\t\t\t\t<\/div>\n\t\t\t\t\t<\/div>\n\t\t<\/div>\n\t\t\t\t\t<\/div>\n\t\t<\/section>\n\t\t\t\t<section class=\"elementor-section elementor-top-section elementor-element elementor-element-6db0b763 elementor-section-boxed elementor-section-height-default elementor-section-height-default\" data-id=\"6db0b763\" data-element_type=\"section\" data-e-type=\"section\">\n\t\t\t\t\t\t<div class=\"elementor-container elementor-column-gap-default\">\n\t\t\t\t\t<div class=\"elementor-column elementor-col-100 elementor-top-column elementor-element elementor-element-618518d9\" data-id=\"618518d9\" data-element_type=\"column\" data-e-type=\"column\">\n\t\t\t<div class=\"elementor-widget-wrap elementor-element-populated\">\n\t\t\t\t\t\t<div class=\"elementor-element elementor-element-6d516e26 elementor-widget elementor-widget-text-editor\" data-id=\"6d516e26\" data-element_type=\"widget\" data-e-type=\"widget\" data-widget_type=\"text-editor.default\">\n\t\t\t\t<div class=\"elementor-widget-container\">\n\t\t\t\t\t\t\t\t\t<p>O ano de 2024 foi marcado por um cen\u00e1rio econ\u00f4mico desafiador, tanto no Brasil quanto no exterior. Iniciamos o ano com expectativas otimistas, impulsionadas pela perspectiva de controle inflacion\u00e1rio e cortes de juros nas principais economias. No entanto, ao longo dos meses, a resili\u00eancia da infla\u00e7\u00e3o, especialmente no setor de servi\u00e7os nos EUA e na Uni\u00e3o Europeia, e a incerteza quanto ao <em>soft landing<\/em> da economia americana trouxeram volatilidade aos mercados globais.<\/p>\t\t\t\t\t\t\t\t<\/div>\n\t\t\t\t<\/div>\n\t\t\t\t\t<\/div>\n\t\t<\/div>\n\t\t\t\t\t<\/div>\n\t\t<\/section>\n\t\t\t\t<section class=\"elementor-section elementor-top-section elementor-element elementor-element-4535724a elementor-section-boxed elementor-section-height-default elementor-section-height-default\" data-id=\"4535724a\" data-element_type=\"section\" data-e-type=\"section\">\n\t\t\t\t\t\t<div class=\"elementor-container elementor-column-gap-default\">\n\t\t\t\t\t<div class=\"elementor-column elementor-col-100 elementor-top-column elementor-element elementor-element-250a26c9\" data-id=\"250a26c9\" data-element_type=\"column\" data-e-type=\"column\">\n\t\t\t<div class=\"elementor-widget-wrap elementor-element-populated\">\n\t\t\t\t\t\t<div class=\"elementor-element elementor-element-3691015 elementor-widget elementor-widget-text-editor\" data-id=\"3691015\" data-element_type=\"widget\" data-e-type=\"widget\" data-widget_type=\"text-editor.default\">\n\t\t\t\t<div class=\"elementor-widget-container\">\n\t\t\t\t\t\t\t\t\t<p>Os principais Bancos Centrais mantiveram uma postura cautelosa, postergando o in\u00edcio do ciclo de cortes de juros e reavaliando suas estrat\u00e9gias \u00e0 medida que novos dados econ\u00f4micos emergiam. Nos mercados acion\u00e1rios, vimos momentos de euforia e corre\u00e7\u00e3o, com os \u00edndices americanos acumulando ganhos impulsionados pelo otimismo em rela\u00e7\u00e3o ao setor de tecnologia, enquanto o Ibovespa enfrentou desafios diante do cen\u00e1rio dom\u00e9stico.<\/p>\t\t\t\t\t\t\t\t<\/div>\n\t\t\t\t<\/div>\n\t\t\t\t\t<\/div>\n\t\t<\/div>\n\t\t\t\t\t<\/div>\n\t\t<\/section>\n\t\t\t\t<section class=\"elementor-section elementor-top-section elementor-element elementor-element-5512cb98 elementor-section-boxed elementor-section-height-default elementor-section-height-default\" data-id=\"5512cb98\" data-element_type=\"section\" data-e-type=\"section\">\n\t\t\t\t\t\t<div class=\"elementor-container elementor-column-gap-default\">\n\t\t\t\t\t<div class=\"elementor-column elementor-col-100 elementor-top-column elementor-element elementor-element-3df9e039\" data-id=\"3df9e039\" data-element_type=\"column\" data-e-type=\"column\">\n\t\t\t<div class=\"elementor-widget-wrap elementor-element-populated\">\n\t\t\t\t\t\t<div class=\"elementor-element elementor-element-172bbcc7 elementor-widget elementor-widget-text-editor\" data-id=\"172bbcc7\" data-element_type=\"widget\" data-e-type=\"widget\" data-widget_type=\"text-editor.default\">\n\t\t\t\t<div class=\"elementor-widget-container\">\n\t\t\t\t\t\t\t\t\t<p>No cen\u00e1rio interno, o relat\u00f3rio Focus de 12\/01\/2024 indicava uma perspectiva confiante do mercado para o ano: Taxa Selic de 9%; IPCA em 3,87%; D\u00f3lar em R$ 4,95 e PIB de 1,59%. No decorrer de 2024, esse cen\u00e1rio foi se desgastando por altos gastos do governo, atritos do governo com o Banco Central, pacote de corte de gastos insuficiente, impacto de efeitos clim\u00e1ticos na produ\u00e7\u00e3o de alimentos e juros altos no exterior. Como consequ\u00eancia, o relat\u00f3rio Focus de 06\/12\/2024 j\u00e1 apontava para uma taxa Selic no patamar de 12%, IPCA em 4,84%, D\u00f3lar em R$ 5,95 e PIB de 3,39%.<\/p>\t\t\t\t\t\t\t\t<\/div>\n\t\t\t\t<\/div>\n\t\t\t\t\t<\/div>\n\t\t<\/div>\n\t\t\t\t\t<\/div>\n\t\t<\/section>\n\t\t\t\t<section class=\"elementor-section elementor-top-section elementor-element elementor-element-b388449 elementor-section-boxed elementor-section-height-default elementor-section-height-default\" data-id=\"b388449\" data-element_type=\"section\" data-e-type=\"section\">\n\t\t\t\t\t\t<div class=\"elementor-container elementor-column-gap-default\">\n\t\t\t\t\t<div class=\"elementor-column elementor-col-100 elementor-top-column elementor-element elementor-element-146e9c48\" data-id=\"146e9c48\" data-element_type=\"column\" data-e-type=\"column\">\n\t\t\t<div class=\"elementor-widget-wrap elementor-element-populated\">\n\t\t\t\t\t\t<div class=\"elementor-element elementor-element-3c784637 elementor-widget elementor-widget-text-editor\" data-id=\"3c784637\" data-element_type=\"widget\" data-e-type=\"widget\" data-widget_type=\"text-editor.default\">\n\t\t\t\t<div class=\"elementor-widget-container\">\n\t\t\t\t\t\t\t\t\t<p>No Brasil, a trajet\u00f3ria econ\u00f4mica sofreu reveses ao longo do ano, refletindo a combina\u00e7\u00e3o de fatores internos e externos. O otimismo do in\u00edcio de 2024 foi gradualmente substitu\u00eddo por preocupa\u00e7\u00f5es com a pol\u00edtica fiscal, o impacto de juros elevados e a deteriora\u00e7\u00e3o da confian\u00e7a do investidor. Isso resultou em uma reprecifica\u00e7\u00e3o dos ativos locais, deslocando recursos para alternativas mais conservadoras e refor\u00e7ando a demanda por prote\u00e7\u00e3o cambial.<\/p>\t\t\t\t\t\t\t\t<\/div>\n\t\t\t\t<\/div>\n\t\t\t\t\t<\/div>\n\t\t<\/div>\n\t\t\t\t\t<\/div>\n\t\t<\/section>\n\t\t\t\t<section class=\"elementor-section elementor-top-section elementor-element elementor-element-b80af67 elementor-section-boxed elementor-section-height-default elementor-section-height-default\" data-id=\"b80af67\" data-element_type=\"section\" data-e-type=\"section\">\n\t\t\t\t\t\t<div class=\"elementor-container elementor-column-gap-default\">\n\t\t\t\t\t<div class=\"elementor-column elementor-col-100 elementor-top-column elementor-element elementor-element-468b024b\" data-id=\"468b024b\" data-element_type=\"column\" data-e-type=\"column\">\n\t\t\t<div class=\"elementor-widget-wrap elementor-element-populated\">\n\t\t\t\t\t\t<div class=\"elementor-element elementor-element-4fd12fd2 elementor-widget elementor-widget-text-editor\" data-id=\"4fd12fd2\" data-element_type=\"widget\" data-e-type=\"widget\" data-widget_type=\"text-editor.default\">\n\t\t\t\t<div class=\"elementor-widget-container\">\n\t\t\t\t\t\t\t\t\t<p>Em rela\u00e7\u00e3o aos principais \u00edndices de mercado em 2024, destacam-se o CDI, com 10,88%, IFIX com -5,89%, o IBOVESPA, com -10,36%, o SMLL, com -25,03%, o MSCI WORLD (BRL), com 49,65%, o IMA-B, com -2,44% e o D\u00f3lar, com 27,91%.<\/p>\t\t\t\t\t\t\t\t<\/div>\n\t\t\t\t<\/div>\n\t\t\t\t\t<\/div>\n\t\t<\/div>\n\t\t\t\t\t<\/div>\n\t\t<\/section>\n\t\t\t\t<section class=\"elementor-section elementor-top-section elementor-element elementor-element-1c627371 elementor-section-boxed elementor-section-height-default elementor-section-height-default\" data-id=\"1c627371\" data-element_type=\"section\" data-e-type=\"section\">\n\t\t\t\t\t\t<div class=\"elementor-container elementor-column-gap-default\">\n\t\t\t\t\t<div class=\"elementor-column elementor-col-100 elementor-top-column elementor-element elementor-element-7fa6325d\" data-id=\"7fa6325d\" data-element_type=\"column\" data-e-type=\"column\">\n\t\t\t<div class=\"elementor-widget-wrap elementor-element-populated\">\n\t\t\t\t\t\t<div class=\"elementor-element elementor-element-1b503d58 box-destaque-materia elementor-widget elementor-widget-text-editor\" data-id=\"1b503d58\" data-element_type=\"widget\" data-e-type=\"widget\" data-widget_type=\"text-editor.default\">\n\t\t\t\t<div class=\"elementor-widget-container\">\n\t\t\t\t\t\t\t\t\t<p><strong>Expectativas 2025<\/strong><\/p>\t\t\t\t\t\t\t\t<\/div>\n\t\t\t\t<\/div>\n\t\t\t\t\t<\/div>\n\t\t<\/div>\n\t\t\t\t\t<\/div>\n\t\t<\/section>\n\t\t\t\t<section class=\"elementor-section elementor-top-section elementor-element elementor-element-4b0a9216 elementor-section-boxed elementor-section-height-default elementor-section-height-default\" data-id=\"4b0a9216\" data-element_type=\"section\" data-e-type=\"section\">\n\t\t\t\t\t\t<div class=\"elementor-container elementor-column-gap-default\">\n\t\t\t\t\t<div class=\"elementor-column elementor-col-100 elementor-top-column elementor-element elementor-element-8bab9ef\" data-id=\"8bab9ef\" data-element_type=\"column\" data-e-type=\"column\">\n\t\t\t<div class=\"elementor-widget-wrap elementor-element-populated\">\n\t\t\t\t\t\t<div class=\"elementor-element elementor-element-32fe0742 elementor-widget elementor-widget-text-editor\" data-id=\"32fe0742\" data-element_type=\"widget\" data-e-type=\"widget\" data-widget_type=\"text-editor.default\">\n\t\t\t\t<div class=\"elementor-widget-container\">\n\t\t\t\t\t\t\t\t\t<p>Para 2025, o cen\u00e1rio permanece desafiador, exigindo cautela e adapta\u00e7\u00e3o diante das incertezas pol\u00edticas e econ\u00f4micas. Seguimos atentos \u00e0s movimenta\u00e7\u00f5es do mercado e \u00e0s mudan\u00e7as estruturais que definir\u00e3o os pr\u00f3ximos passos do ambiente de investimentos, sempre guiados pelo nosso compromisso com a prote\u00e7\u00e3o e o crescimento sustent\u00e1vel do patrim\u00f4nio dos nossos participantes.<\/p>\t\t\t\t\t\t\t\t<\/div>\n\t\t\t\t<\/div>\n\t\t\t\t\t<\/div>\n\t\t<\/div>\n\t\t\t\t\t<\/div>\n\t\t<\/section>\n\t\t\t\t<section class=\"elementor-section elementor-top-section elementor-element elementor-element-6eb05ce5 elementor-section-boxed elementor-section-height-default elementor-section-height-default\" data-id=\"6eb05ce5\" data-element_type=\"section\" data-e-type=\"section\">\n\t\t\t\t\t\t<div class=\"elementor-container elementor-column-gap-default\">\n\t\t\t\t\t<div class=\"elementor-column elementor-col-100 elementor-top-column elementor-element elementor-element-a2e8aa9\" data-id=\"a2e8aa9\" data-element_type=\"column\" data-e-type=\"column\">\n\t\t\t<div class=\"elementor-widget-wrap elementor-element-populated\">\n\t\t\t\t\t\t<div class=\"elementor-element elementor-element-c4e8bba elementor-widget elementor-widget-text-editor\" data-id=\"c4e8bba\" data-element_type=\"widget\" data-e-type=\"widget\" data-widget_type=\"text-editor.default\">\n\t\t\t\t<div class=\"elementor-widget-container\">\n\t\t\t\t\t\t\t\t\t<p>Agrade\u00e7o a confian\u00e7a de nossos participantes e refor\u00e7amos nosso compromisso com uma gest\u00e3o respons\u00e1vel e orientada \u00e0 gera\u00e7\u00e3o de valor em um ambiente din\u00e2mico e desafiador.<\/p>\t\t\t\t\t\t\t\t<\/div>\n\t\t\t\t<\/div>\n\t\t\t\t\t<\/div>\n\t\t<\/div>\n\t\t\t\t\t<\/div>\n\t\t<\/section>\n\t\t\t\t<section class=\"elementor-section elementor-top-section elementor-element elementor-element-56e582ce elementor-section-boxed elementor-section-height-default elementor-section-height-default\" data-id=\"56e582ce\" data-element_type=\"section\" data-e-type=\"section\">\n\t\t\t\t\t\t<div class=\"elementor-container elementor-column-gap-default\">\n\t\t\t\t\t<div class=\"elementor-column elementor-col-100 elementor-top-column elementor-element elementor-element-323b76e3\" data-id=\"323b76e3\" data-element_type=\"column\" data-e-type=\"column\">\n\t\t\t<div class=\"elementor-widget-wrap elementor-element-populated\">\n\t\t\t\t\t\t<div class=\"elementor-element elementor-element-af834e5 elementor-widget elementor-widget-image\" data-id=\"af834e5\" data-element_type=\"widget\" data-e-type=\"widget\" data-widget_type=\"image.default\">\n\t\t\t\t<div class=\"elementor-widget-container\">\n\t\t\t\t\t\t\t\t\t\t\t\t\t\t\t<img fetchpriority=\"high\" decoding=\"async\" width=\"331\" height=\"400\" src=\"https:\/\/cargillprev.com.br\/relatorio-anual-2024\/wp-content\/uploads\/2025\/04\/Alexandre-muniz-1.jpg\" class=\"attachment-large size-large wp-image-3079\" alt=\"\" srcset=\"https:\/\/cargillprev.com.br\/relatorio-anual-2024\/wp-content\/uploads\/2025\/04\/Alexandre-muniz-1.jpg 331w, https:\/\/cargillprev.com.br\/relatorio-anual-2024\/wp-content\/uploads\/2025\/04\/Alexandre-muniz-1-248x300.jpg 248w\" sizes=\"(max-width: 331px) 100vw, 331px\" \/>\t\t\t\t\t\t\t\t\t\t\t\t\t\t\t<\/div>\n\t\t\t\t<\/div>\n\t\t\t\t<div class=\"elementor-element elementor-element-6efbdc85 elementor-widget elementor-widget-text-editor\" data-id=\"6efbdc85\" data-element_type=\"widget\" data-e-type=\"widget\" data-widget_type=\"text-editor.default\">\n\t\t\t\t<div class=\"elementor-widget-container\">\n\t\t\t\t\t\t\t\t\t<p><strong>Alexandre Muniz &#8211; <\/strong>Diretor de Investimentos &#8211; AETQ\u00a0<\/p>\t\t\t\t\t\t\t\t<\/div>\n\t\t\t\t<\/div>\n\t\t\t\t\t<\/div>\n\t\t<\/div>\n\t\t\t\t\t<\/div>\n\t\t<\/section>\n\t\t\t\t<\/div>\n\t\t","protected":false},"excerpt":{"rendered":"<p>A CargillPrev segue comprometida em manter uma gest\u00e3o criteriosa e estrat\u00e9gica, com foco na preserva\u00e7\u00e3o de capital e na identifica\u00e7\u00e3o de oportunidades que possam agregar valor aos nossos participantes. Como administradores do patrim\u00f4nio de aposentadoria, temos a responsabilidade de garantir n\u00e3o apenas seguran\u00e7a no presente, mas tamb\u00e9m sustentabilidade no longo prazo, assegurando que os investimentos [&hellip;]<\/p>\n","protected":false},"author":1,"featured_media":2809,"parent":2414,"menu_order":2,"comment_status":"closed","ping_status":"closed","template":"","meta":{"footnotes":""},"class_list":["post-2416","page","type-page","status-publish","has-post-thumbnail","hentry"],"acf":[],"_links":{"self":[{"href":"https:\/\/cargillprev.com.br\/relatorio-anual-2024\/wp-json\/wp\/v2\/pages\/2416","targetHints":{"allow":["GET"]}}],"collection":[{"href":"https:\/\/cargillprev.com.br\/relatorio-anual-2024\/wp-json\/wp\/v2\/pages"}],"about":[{"href":"https:\/\/cargillprev.com.br\/relatorio-anual-2024\/wp-json\/wp\/v2\/types\/page"}],"author":[{"embeddable":true,"href":"https:\/\/cargillprev.com.br\/relatorio-anual-2024\/wp-json\/wp\/v2\/users\/1"}],"replies":[{"embeddable":true,"href":"https:\/\/cargillprev.com.br\/relatorio-anual-2024\/wp-json\/wp\/v2\/comments?post=2416"}],"version-history":[{"count":18,"href":"https:\/\/cargillprev.com.br\/relatorio-anual-2024\/wp-json\/wp\/v2\/pages\/2416\/revisions"}],"predecessor-version":[{"id":3119,"href":"https:\/\/cargillprev.com.br\/relatorio-anual-2024\/wp-json\/wp\/v2\/pages\/2416\/revisions\/3119"}],"up":[{"embeddable":true,"href":"https:\/\/cargillprev.com.br\/relatorio-anual-2024\/wp-json\/wp\/v2\/pages\/2414"}],"wp:featuredmedia":[{"embeddable":true,"href":"https:\/\/cargillprev.com.br\/relatorio-anual-2024\/wp-json\/wp\/v2\/media\/2809"}],"wp:attachment":[{"href":"https:\/\/cargillprev.com.br\/relatorio-anual-2024\/wp-json\/wp\/v2\/media?parent=2416"}],"curies":[{"name":"wp","href":"https:\/\/api.w.org\/{rel}","templated":true}]}}