{"id":2419,"date":"2025-03-31T19:52:38","date_gmt":"2025-03-31T22:52:38","guid":{"rendered":"https:\/\/crtpropaganda.com.br\/raicargillprev\/?page_id=2419"},"modified":"2025-04-17T17:19:17","modified_gmt":"2025-04-17T20:19:17","slug":"alocacao-dos-recursos-abertura-por-plano","status":"publish","type":"page","link":"https:\/\/cargillprev.com.br\/relatorio-anual-2024\/investimentos\/alocacao-dos-recursos-abertura-por-plano\/","title":{"rendered":"Aloca\u00e7\u00e3o dos Recursos (Abertura por Plano)"},"content":{"rendered":"\t\t<div data-elementor-type=\"wp-page\" data-elementor-id=\"2419\" class=\"elementor elementor-2419\">\n\t\t\t\t\t\t<section class=\"elementor-section elementor-top-section elementor-element elementor-element-67c272b elementor-section-boxed elementor-section-height-default elementor-section-height-default\" data-id=\"67c272b\" data-element_type=\"section\" data-e-type=\"section\">\n\t\t\t\t\t\t<div class=\"elementor-container elementor-column-gap-default\">\n\t\t\t\t\t<div class=\"elementor-column elementor-col-100 elementor-top-column elementor-element elementor-element-34a76df\" data-id=\"34a76df\" data-element_type=\"column\" data-e-type=\"column\">\n\t\t\t<div class=\"elementor-widget-wrap elementor-element-populated\">\n\t\t\t\t\t\t<div class=\"elementor-element elementor-element-9a51779 elementor-widget elementor-widget-text-editor\" data-id=\"9a51779\" data-element_type=\"widget\" data-e-type=\"widget\" data-widget_type=\"text-editor.default\">\n\t\t\t\t<div class=\"elementor-widget-container\">\n\t\t\t\t\t\t\t\t\t<p>\u00c9 a distribui\u00e7\u00e3o dos recursos da Entidade segundo os planos Cargill I, Cargill II e Cargill III (Em 31 de dezembro &#8211; Em R$).<\/p>\t\t\t\t\t\t\t\t<\/div>\n\t\t\t\t<\/div>\n\t\t\t\t\t<\/div>\n\t\t<\/div>\n\t\t\t\t\t<\/div>\n\t\t<\/section>\n\t\t<div class=\"elementor-element elementor-element-ce7fc95 e-con-full e-flex e-con e-parent\" data-id=\"ce7fc95\" data-element_type=\"container\" data-e-type=\"container\">\n\t\t\t\t<div class=\"elementor-element elementor-element-afd4006 w-100 elementor-widget elementor-widget-pie_google_chart\" data-id=\"afd4006\" data-element_type=\"widget\" data-e-type=\"widget\" data-widget_type=\"pie_google_chart.default\">\n\t\t\t\t<div class=\"elementor-widget-container\">\n\t\t\t\t\t<div role=\"img\" class=\"chart-card\">\n\t<div>\n\t\t\n\t\t\t<\/div>\n\t<div class=\"chart-box\">\n\t<div class=\"google-chart-texture\">\n\t\t<p>No Data Found<\/p>\n\t<\/div>\n\t<div class=\"graphina-google-chart \"\n\t\tdata-chart_type=\"pie_google\"\n        data-common_filter_id=\"\"\n\t\tdata-chart_type_static=\"PieChart\"\n\t\tdata-element_id=\"afd4006\"\n\t\tdata-chart_options='{&quot;title&quot;:&quot;&quot;,&quot;titleTextStyle&quot;:{&quot;fontName&quot;:&quot;Poppins&quot;,&quot;color&quot;:&quot;&quot;,&quot;fontSize&quot;:&quot;&quot;},&quot;chartArea&quot;:{&quot;left&quot;:&quot;10%&quot;,&quot;right&quot;:&quot;5%&quot;},&quot;height&quot;:350,&quot;tooltip&quot;:{&quot;showColorCode&quot;:true,&quot;textStyle&quot;:{&quot;fontName&quot;:&quot;Poppins&quot;,&quot;color&quot;:&quot;black&quot;},&quot;trigger&quot;:&quot;focus&quot;,&quot;text&quot;:&quot;value&quot;},&quot;backgroundColor&quot;:&quot;&quot;,&quot;legend&quot;:{&quot;position&quot;:&quot;bottom&quot;,&quot;textStyle&quot;:{&quot;fontName&quot;:&quot;Poppins&quot;,&quot;fontSize&quot;:14,&quot;color&quot;:&quot;black&quot;},&quot;alignment&quot;:&quot;center&quot;},&quot;reverseCategories&quot;:false,&quot;pieSliceText&quot;:&quot;percentage&quot;,&quot;sliceVisibilityThreshold&quot;:0,&quot;pieSliceBorderColor&quot;:&quot;#ffffff&quot;,&quot;pieSliceTextStyle&quot;:{&quot;fontName&quot;:&quot;Poppins&quot;,&quot;color&quot;:&quot;#FFFFFF&quot;,&quot;fontSize&quot;:14},&quot;is3D&quot;:false,&quot;colors&quot;:[&quot;#01544C&quot;,&quot;#04786D&quot;,&quot;#1B7A89&quot;]}'\n\t\tdata-chart_data='{&quot;rows&quot;:[[&quot;Plano de Aposentadoria (Cargill I)&quot;,1250115684],[&quot;Plano de Benef\\u00edcios (Cargill II)&quot;,677466162],[&quot;Plano Mais Vida (Cargill III)&quot;,98082607]],&quot;columns&quot;:[[&quot;string&quot;,&quot;Perfis&quot;],[&quot;number&quot;,&quot;Distribui\\u00e7\\u00e3o&quot;]]}'\n\t\tdata-extra_data='{&quot;show_annotation&quot;:false,&quot;chart_annotation_prefix_postfix&quot;:false,&quot;chart_annotation_prefix&quot;:&quot;&quot;,&quot;chart_data_series_count_dynamic&quot;:3,&quot;chart_annotation_postfix&quot;:&quot;&quot;,&quot;chart_data_option&quot;:false,&quot;chart_csv_column_wise_enable&quot;:false,&quot;chart_dynamic_data_option&quot;:&quot;&quot;,&quot;chart_csv_x_columns&quot;:&quot;&quot;,&quot;chart_csv_y_columns&quot;:&quot;&quot;,&quot;chart_csv_x_columns_sql&quot;:&quot;&quot;,&quot;chart_csv_y_columns_sql&quot;:&quot;&quot;,&quot;element_import_from_table_dynamic_key&quot;:&quot;&quot;,&quot;current_post_id&quot;:2419,&quot;graphina_prefix&quot;:&quot;iq_&quot;,&quot;can_chart_reload_ajax&quot;:false,&quot;interval_data_refresh&quot;:15,&quot;is_chart_horizontal&quot;:false,&quot;prefix&quot;:&quot;&quot;,&quot;suffix&quot;:&quot;&quot;}'\n\t\tdata-settings='[]'\n        style=\"height: 350px\"\n\t\t>\n\t<\/div>\n<\/div>\n<script>\n    (function($) {\n        'use strict';\n        $(document).ready(function() {\n            if (window.graphinaGooglePieChart && typeof window.graphinaGooglePieChart.observeChartElement === 'function') {\n                window.graphinaGooglePieChart.observeChartElement($('.graphina-google-chart[data-element_id=\"afd4006\"]'), 'PieChart');\n            }\n        });\n    })(jQuery);\n<\/script>\t<div class=\"graphina-filter-notext graphina-afd4006-notext\" style=\"display: none; height:350px; align-content:center\">\n\t\t<p class=\"graphina-filter-notext\" style=\"text-align: center;\">\n\t\t\tNo Data Found\t\t<\/p>\n\t<\/div>\n\n<\/div>\t\t\t\t<\/div>\n\t\t\t\t<\/div>\n\t\t\t\t<\/div>\n\t\t\t\t<\/div>\n\t\t","protected":false},"excerpt":{"rendered":"<p>\u00c9 a distribui\u00e7\u00e3o dos recursos da Entidade segundo os planos Cargill I, Cargill II e Cargill III (Em 31 de dezembro &#8211; Em R$). No Data Found<\/p>\n","protected":false},"author":1,"featured_media":3107,"parent":2414,"menu_order":4,"comment_status":"closed","ping_status":"closed","template":"","meta":{"footnotes":""},"class_list":["post-2419","page","type-page","status-publish","has-post-thumbnail","hentry"],"acf":[],"_links":{"self":[{"href":"https:\/\/cargillprev.com.br\/relatorio-anual-2024\/wp-json\/wp\/v2\/pages\/2419","targetHints":{"allow":["GET"]}}],"collection":[{"href":"https:\/\/cargillprev.com.br\/relatorio-anual-2024\/wp-json\/wp\/v2\/pages"}],"about":[{"href":"https:\/\/cargillprev.com.br\/relatorio-anual-2024\/wp-json\/wp\/v2\/types\/page"}],"author":[{"embeddable":true,"href":"https:\/\/cargillprev.com.br\/relatorio-anual-2024\/wp-json\/wp\/v2\/users\/1"}],"replies":[{"embeddable":true,"href":"https:\/\/cargillprev.com.br\/relatorio-anual-2024\/wp-json\/wp\/v2\/comments?post=2419"}],"version-history":[{"count":33,"href":"https:\/\/cargillprev.com.br\/relatorio-anual-2024\/wp-json\/wp\/v2\/pages\/2419\/revisions"}],"predecessor-version":[{"id":3108,"href":"https:\/\/cargillprev.com.br\/relatorio-anual-2024\/wp-json\/wp\/v2\/pages\/2419\/revisions\/3108"}],"up":[{"embeddable":true,"href":"https:\/\/cargillprev.com.br\/relatorio-anual-2024\/wp-json\/wp\/v2\/pages\/2414"}],"wp:featuredmedia":[{"embeddable":true,"href":"https:\/\/cargillprev.com.br\/relatorio-anual-2024\/wp-json\/wp\/v2\/media\/3107"}],"wp:attachment":[{"href":"https:\/\/cargillprev.com.br\/relatorio-anual-2024\/wp-json\/wp\/v2\/media?parent=2419"}],"curies":[{"name":"wp","href":"https:\/\/api.w.org\/{rel}","templated":true}]}}